{"id":1748,"date":"2023-02-24T10:02:57","date_gmt":"2023-02-24T10:02:57","guid":{"rendered":"https:\/\/dgvgifts.com\/index.php\/product\/vino-connoisseur-4pc-set\/"},"modified":"2024-11-08T10:15:18","modified_gmt":"2024-11-08T10:15:18","slug":"vino-connoisseur-4pc-set","status":"publish","type":"product","link":"https:\/\/dgvgifts.com\/lt\/produktas\/vino-connoisseur-4pc-set\/","title":{"rendered":"Vyno rinkinys, 4 dali\u0173"},"content":{"rendered":"<p>Tur\u0117kite visk\u0105, ko reikia m\u0117gstamiausiems vynams atidaryti, patiekti ir laikyti. Rinkin\u012f sudaro vyno atidarytuvas su oro pompa, folijos pjaustytuvas, vyno kam\u0161tis su vakuuminiu siurbliu ir vyno piltuv\u0117lis su aeratoriumi. Supakuota prabangioje dovan\u0173 d\u0117\u017eut\u0117je.<\/p>","protected":false},"excerpt":{"rendered":"<p>Tur\u0117kite visk\u0105, ko reikia m\u0117gstamiausiems vynams atidaryti, patiekti ir laikyti. Rinkin\u012f sudaro vyno atidarytuvas su oro pompa, folijos pjaustytuvas, vyno kam\u0161tis su vakuuminiu siurbliu ir vyno piltuv\u0117lis su aeratoriumi. Supakuota prabangioje dovan\u0173 d\u0117\u017eut\u0117je.<\/p>","protected":false},"featured_media":1736,"comment_status":"open","ping_status":"closed","template":"","meta":[],"product_brand":[],"product_cat":[67,37],"product_tag":[],"class_list":{"0":"post-1748","1":"product","2":"type-product","3":"status-publish","4":"has-post-thumbnail","6":"product_cat-virtuves-reikmenys","7":"product_cat-namams","9":"first","10":"instock","11":"shipping-taxable","12":"purchasable","13":"product-type-simple"},"_links":{"self":[{"href":"https:\/\/dgvgifts.com\/lt\/wp-json\/wp\/v2\/product\/1748","targetHints":{"allow":["GET"]}}],"collection":[{"href":"https:\/\/dgvgifts.com\/lt\/wp-json\/wp\/v2\/product"}],"about":[{"href":"https:\/\/dgvgifts.com\/lt\/wp-json\/wp\/v2\/types\/product"}],"replies":[{"embeddable":true,"href":"https:\/\/dgvgifts.com\/lt\/wp-json\/wp\/v2\/comments?post=1748"}],"version-history":[{"count":1,"href":"https:\/\/dgvgifts.com\/lt\/wp-json\/wp\/v2\/product\/1748\/revisions"}],"predecessor-version":[{"id":2883,"href":"https:\/\/dgvgifts.com\/lt\/wp-json\/wp\/v2\/product\/1748\/revisions\/2883"}],"wp:featuredmedia":[{"embeddable":true,"href":"https:\/\/dgvgifts.com\/lt\/wp-json\/wp\/v2\/media\/1736"}],"wp:attachment":[{"href":"https:\/\/dgvgifts.com\/lt\/wp-json\/wp\/v2\/media?parent=1748"}],"wp:term":[{"taxonomy":"product_brand","embeddable":true,"href":"https:\/\/dgvgifts.com\/lt\/wp-json\/wp\/v2\/product_brand?post=1748"},{"taxonomy":"product_cat","embeddable":true,"href":"https:\/\/dgvgifts.com\/lt\/wp-json\/wp\/v2\/product_cat?post=1748"},{"taxonomy":"product_tag","embeddable":true,"href":"https:\/\/dgvgifts.com\/lt\/wp-json\/wp\/v2\/product_tag?post=1748"}],"curies":[{"name":"wp","href":"https:\/\/api.w.org\/{rel}","templated":true}]}}