{"id":1760,"date":"2023-02-24T10:03:09","date_gmt":"2023-02-24T10:03:09","guid":{"rendered":"https:\/\/dgvgifts.com\/index.php\/product\/vino-waiters-corkscrew\/"},"modified":"2024-11-08T10:15:28","modified_gmt":"2024-11-08T10:15:28","slug":"vino-waiters-corkscrew","status":"publish","type":"product","link":"https:\/\/dgvgifts.com\/lt\/produktas\/vino-waiters-corkscrew\/","title":{"rendered":"Vyno atidarytuvas"},"content":{"rendered":"<p>\u0160is padav\u0117j\u0173 kam\u0161\u010diatraukis yra klasikinio dizaino kam\u0161\u010diatraukis su folijos pjaustymo a\u0161menimis, dviej\u0173 pakop\u0173 kam\u0161\u010dio pak\u0117l\u0117ju ir buteli\u0173 atidarytuvu. Supakuotas \u012f dovan\u0173 d\u0117\u017eut\u0119.<\/p>","protected":false},"excerpt":{"rendered":"<p>\u0160is padav\u0117j\u0173 kam\u0161\u010diatraukis yra klasikinio dizaino kam\u0161\u010diatraukis su folijos pjaustymo a\u0161menimis, dviej\u0173 pakop\u0173 kam\u0161\u010dio pak\u0117l\u0117ju ir buteli\u0173 atidarytuvu. Supakuotas \u012f dovan\u0173 d\u0117\u017eut\u0119.<\/p>","protected":false},"featured_media":1749,"comment_status":"open","ping_status":"closed","template":"","meta":[],"product_brand":[],"product_cat":[67,37],"product_tag":[],"class_list":{"0":"post-1760","1":"product","2":"type-product","3":"status-publish","4":"has-post-thumbnail","6":"product_cat-virtuves-reikmenys","7":"product_cat-namams","9":"first","10":"instock","11":"shipping-taxable","12":"purchasable","13":"product-type-simple"},"_links":{"self":[{"href":"https:\/\/dgvgifts.com\/lt\/wp-json\/wp\/v2\/product\/1760","targetHints":{"allow":["GET"]}}],"collection":[{"href":"https:\/\/dgvgifts.com\/lt\/wp-json\/wp\/v2\/product"}],"about":[{"href":"https:\/\/dgvgifts.com\/lt\/wp-json\/wp\/v2\/types\/product"}],"replies":[{"embeddable":true,"href":"https:\/\/dgvgifts.com\/lt\/wp-json\/wp\/v2\/comments?post=1760"}],"version-history":[{"count":1,"href":"https:\/\/dgvgifts.com\/lt\/wp-json\/wp\/v2\/product\/1760\/revisions"}],"predecessor-version":[{"id":2884,"href":"https:\/\/dgvgifts.com\/lt\/wp-json\/wp\/v2\/product\/1760\/revisions\/2884"}],"wp:featuredmedia":[{"embeddable":true,"href":"https:\/\/dgvgifts.com\/lt\/wp-json\/wp\/v2\/media\/1749"}],"wp:attachment":[{"href":"https:\/\/dgvgifts.com\/lt\/wp-json\/wp\/v2\/media?parent=1760"}],"wp:term":[{"taxonomy":"product_brand","embeddable":true,"href":"https:\/\/dgvgifts.com\/lt\/wp-json\/wp\/v2\/product_brand?post=1760"},{"taxonomy":"product_cat","embeddable":true,"href":"https:\/\/dgvgifts.com\/lt\/wp-json\/wp\/v2\/product_cat?post=1760"},{"taxonomy":"product_tag","embeddable":true,"href":"https:\/\/dgvgifts.com\/lt\/wp-json\/wp\/v2\/product_tag?post=1760"}],"curies":[{"name":"wp","href":"https:\/\/api.w.org\/{rel}","templated":true}]}}