{"id":1770,"date":"2023-02-24T10:03:19","date_gmt":"2023-02-24T10:03:19","guid":{"rendered":"https:\/\/dgvgifts.com\/index.php\/product\/vino-wine-chiller-stick\/"},"modified":"2024-11-08T10:15:02","modified_gmt":"2024-11-08T10:15:02","slug":"vino-wine-chiller-stick","status":"publish","type":"product","link":"https:\/\/dgvgifts.com\/lt\/produktas\/vino-wine-chiller-stick\/","title":{"rendered":"Vyno \u0161aldymo lazdel\u0117"},"content":{"rendered":"<p>\u0160i vyno \u0161aldymo lazdel\u0117 i\u0161laiko i\u0161 anksto at\u0161aldyt\u0105 vyn\u0105 optimalioje geriamo vyno temperat\u016broje. J\u016bs ir j\u016bs\u0173 sve\u010diai gal\u0117s m\u0117gautis idealios temperat\u016bros vynu, daugiau niekada nebegersite \u0161ilto vyno! At\u0161aldykite vyn\u0105 i\u0161 vidaus, o piltuv\u0117lis be la\u0161\u0173 su \u012fmontuotu aeratoriumi u\u017etikrina tolyg\u0173 vyno tek\u0117jim\u0105 be la\u0161\u0173 ir leid\u017eia vynui puikiai kv\u0117puoti. \u012epakuotas prabangioje dovan\u0173 d\u0117\u017eut\u0117je.<\/p>","protected":false},"excerpt":{"rendered":"<p>This wine chiller stick keeps your pre-cooled wine at optimum drinking temperature. You and your guests will enjoy wine at the ideal temperature, never drink warm wine again! Chill your wine from inside while the drip-free pourer with built-in aerator ensures a steady stream of wine without drips and let&#8217;s your wine breathe to perfection. [&hellip;]<\/p>","protected":false},"featured_media":1761,"comment_status":"open","ping_status":"closed","template":"","meta":[],"product_brand":[],"product_cat":[67,37],"product_tag":[],"class_list":{"0":"post-1770","1":"product","2":"type-product","3":"status-publish","4":"has-post-thumbnail","6":"product_cat-virtuves-reikmenys","7":"product_cat-namams","9":"first","10":"instock","11":"shipping-taxable","12":"purchasable","13":"product-type-simple"},"_links":{"self":[{"href":"https:\/\/dgvgifts.com\/lt\/wp-json\/wp\/v2\/product\/1770","targetHints":{"allow":["GET"]}}],"collection":[{"href":"https:\/\/dgvgifts.com\/lt\/wp-json\/wp\/v2\/product"}],"about":[{"href":"https:\/\/dgvgifts.com\/lt\/wp-json\/wp\/v2\/types\/product"}],"replies":[{"embeddable":true,"href":"https:\/\/dgvgifts.com\/lt\/wp-json\/wp\/v2\/comments?post=1770"}],"version-history":[{"count":1,"href":"https:\/\/dgvgifts.com\/lt\/wp-json\/wp\/v2\/product\/1770\/revisions"}],"predecessor-version":[{"id":2882,"href":"https:\/\/dgvgifts.com\/lt\/wp-json\/wp\/v2\/product\/1770\/revisions\/2882"}],"wp:featuredmedia":[{"embeddable":true,"href":"https:\/\/dgvgifts.com\/lt\/wp-json\/wp\/v2\/media\/1761"}],"wp:attachment":[{"href":"https:\/\/dgvgifts.com\/lt\/wp-json\/wp\/v2\/media?parent=1770"}],"wp:term":[{"taxonomy":"product_brand","embeddable":true,"href":"https:\/\/dgvgifts.com\/lt\/wp-json\/wp\/v2\/product_brand?post=1770"},{"taxonomy":"product_cat","embeddable":true,"href":"https:\/\/dgvgifts.com\/lt\/wp-json\/wp\/v2\/product_cat?post=1770"},{"taxonomy":"product_tag","embeddable":true,"href":"https:\/\/dgvgifts.com\/lt\/wp-json\/wp\/v2\/product_tag?post=1770"}],"curies":[{"name":"wp","href":"https:\/\/api.w.org\/{rel}","templated":true}]}}