{"id":1783,"date":"2023-02-24T10:03:30","date_gmt":"2023-02-24T10:03:30","guid":{"rendered":"https:\/\/dgvgifts.com\/index.php\/product\/vino-sommelier-set-3pc\/"},"modified":"2024-11-08T10:14:13","modified_gmt":"2024-11-08T10:14:13","slug":"vino-sommelier-set-3pc","status":"publish","type":"product","link":"https:\/\/dgvgifts.com\/lt\/produktas\/vino-sommelier-set-3pc\/","title":{"rendered":"Vyno rinkinys"},"content":{"rendered":"<p>Tur\u0117kite visk\u0105, ko reikia m\u0117gstamiausiems vynams atidaryti ir patiekti, naudodami \u0161\u012f 3 dali\u0173 vyno rinkin\u012f. Rinkin\u012f sudaro padav\u0117jo kam\u0161\u010diatraukis, folijos pjaustytuvas ir pilstymo \u017eiedas. Supakuotas \u012f prabangi\u0105 dovan\u0173 d\u0117\u017eut\u0119.<\/p>","protected":false},"excerpt":{"rendered":"<p>Tur\u0117kite visk\u0105, ko reikia m\u0117gstamiausiems vynams atidaryti ir patiekti, naudodami \u0161\u012f 3 dali\u0173 vyno rinkin\u012f. Rinkin\u012f sudaro padav\u0117jo kam\u0161\u010diatraukis, folijos pjaustytuvas ir pilstymo \u017eiedas. Supakuotas \u012f prabangi\u0105 dovan\u0173 d\u0117\u017eut\u0119.<\/p>","protected":false},"featured_media":1771,"comment_status":"open","ping_status":"closed","template":"","meta":[],"product_brand":[],"product_cat":[67,37],"product_tag":[],"class_list":{"0":"post-1783","1":"product","2":"type-product","3":"status-publish","4":"has-post-thumbnail","6":"product_cat-virtuves-reikmenys","7":"product_cat-namams","9":"first","10":"instock","11":"shipping-taxable","12":"purchasable","13":"product-type-simple"},"_links":{"self":[{"href":"https:\/\/dgvgifts.com\/lt\/wp-json\/wp\/v2\/product\/1783","targetHints":{"allow":["GET"]}}],"collection":[{"href":"https:\/\/dgvgifts.com\/lt\/wp-json\/wp\/v2\/product"}],"about":[{"href":"https:\/\/dgvgifts.com\/lt\/wp-json\/wp\/v2\/types\/product"}],"replies":[{"embeddable":true,"href":"https:\/\/dgvgifts.com\/lt\/wp-json\/wp\/v2\/comments?post=1783"}],"version-history":[{"count":1,"href":"https:\/\/dgvgifts.com\/lt\/wp-json\/wp\/v2\/product\/1783\/revisions"}],"predecessor-version":[{"id":2879,"href":"https:\/\/dgvgifts.com\/lt\/wp-json\/wp\/v2\/product\/1783\/revisions\/2879"}],"wp:featuredmedia":[{"embeddable":true,"href":"https:\/\/dgvgifts.com\/lt\/wp-json\/wp\/v2\/media\/1771"}],"wp:attachment":[{"href":"https:\/\/dgvgifts.com\/lt\/wp-json\/wp\/v2\/media?parent=1783"}],"wp:term":[{"taxonomy":"product_brand","embeddable":true,"href":"https:\/\/dgvgifts.com\/lt\/wp-json\/wp\/v2\/product_brand?post=1783"},{"taxonomy":"product_cat","embeddable":true,"href":"https:\/\/dgvgifts.com\/lt\/wp-json\/wp\/v2\/product_cat?post=1783"},{"taxonomy":"product_tag","embeddable":true,"href":"https:\/\/dgvgifts.com\/lt\/wp-json\/wp\/v2\/product_tag?post=1783"}],"curies":[{"name":"wp","href":"https:\/\/api.w.org\/{rel}","templated":true}]}}