{"id":1794,"date":"2023-02-24T10:03:41","date_gmt":"2023-02-24T10:03:41","guid":{"rendered":"https:\/\/dgvgifts.com\/index.php\/product\/re-usable-stainless-steel-ice-cubes-4pc\/"},"modified":"2024-11-08T10:13:59","modified_gmt":"2024-11-08T10:13:59","slug":"re-usable-stainless-steel-ice-cubes-4pc","status":"publish","type":"product","link":"https:\/\/dgvgifts.com\/lt\/produktas\/re-usable-stainless-steel-ice-cubes-4pc\/","title":{"rendered":"Daugkartinio naudojimo ner\u016bdijan\u010dio plieno ledo kubeliai 4 vnt."},"content":{"rendered":"<p>M\u0117gaukit\u0117s at\u0161aldytu g\u0117rimu su \u0161iuo 4 ner\u016bdijan\u010dio plieno ledo kubeli\u0173 rinkiniu. Kubeli\u0173 pagalba i\u0161laikysite g\u0117rim\u0105 \u0161altu, nereiks jo skiesti. Kubeliai supakuoti  patogioje d\u0117\u017eut\u0117je. Juos paprasta naudoti: tiesiog laikykite juos \u0161aldiklyje ir jie bus paruo\u0161ti naudoti vos per 3 valandas!<\/p>","protected":false},"excerpt":{"rendered":"<p>M\u0117gaukit\u0117s at\u0161aldytu g\u0117rimu su \u0161iuo 4 ner\u016bdijan\u010dio plieno ledo kubeli\u0173 rinkiniu. Kubeli\u0173 pagalba i\u0161laikysite g\u0117rim\u0105 \u0161altu, nereiks jo skiesti. Kubeliai supakuoti  patogioje d\u0117\u017eut\u0117je. Juos paprasta naudoti: tiesiog laikykite juos \u0161aldiklyje ir jie bus paruo\u0161ti naudoti vos per 3 valandas!<\/p>","protected":false},"featured_media":1784,"comment_status":"open","ping_status":"closed","template":"","meta":[],"product_brand":[],"product_cat":[67,37],"product_tag":[],"class_list":{"0":"post-1794","1":"product","2":"type-product","3":"status-publish","4":"has-post-thumbnail","6":"product_cat-virtuves-reikmenys","7":"product_cat-namams","9":"first","10":"instock","11":"shipping-taxable","12":"purchasable","13":"product-type-simple"},"_links":{"self":[{"href":"https:\/\/dgvgifts.com\/lt\/wp-json\/wp\/v2\/product\/1794","targetHints":{"allow":["GET"]}}],"collection":[{"href":"https:\/\/dgvgifts.com\/lt\/wp-json\/wp\/v2\/product"}],"about":[{"href":"https:\/\/dgvgifts.com\/lt\/wp-json\/wp\/v2\/types\/product"}],"replies":[{"embeddable":true,"href":"https:\/\/dgvgifts.com\/lt\/wp-json\/wp\/v2\/comments?post=1794"}],"version-history":[{"count":1,"href":"https:\/\/dgvgifts.com\/lt\/wp-json\/wp\/v2\/product\/1794\/revisions"}],"predecessor-version":[{"id":2878,"href":"https:\/\/dgvgifts.com\/lt\/wp-json\/wp\/v2\/product\/1794\/revisions\/2878"}],"wp:featuredmedia":[{"embeddable":true,"href":"https:\/\/dgvgifts.com\/lt\/wp-json\/wp\/v2\/media\/1784"}],"wp:attachment":[{"href":"https:\/\/dgvgifts.com\/lt\/wp-json\/wp\/v2\/media?parent=1794"}],"wp:term":[{"taxonomy":"product_brand","embeddable":true,"href":"https:\/\/dgvgifts.com\/lt\/wp-json\/wp\/v2\/product_brand?post=1794"},{"taxonomy":"product_cat","embeddable":true,"href":"https:\/\/dgvgifts.com\/lt\/wp-json\/wp\/v2\/product_cat?post=1794"},{"taxonomy":"product_tag","embeddable":true,"href":"https:\/\/dgvgifts.com\/lt\/wp-json\/wp\/v2\/product_tag?post=1794"}],"curies":[{"name":"wp","href":"https:\/\/api.w.org\/{rel}","templated":true}]}}