{"id":1805,"date":"2023-02-24T10:03:50","date_gmt":"2023-02-24T10:03:50","guid":{"rendered":"https:\/\/dgvgifts.com\/index.php\/product\/vinga-retro-serving-cutlery\/"},"modified":"2024-11-08T10:13:49","modified_gmt":"2024-11-08T10:13:49","slug":"vinga-retro-serving-cutlery","status":"publish","type":"product","link":"https:\/\/dgvgifts.com\/lt\/produktas\/vinga-retro-serving-cutlery\/","title":{"rendered":"VINGA Retro serviravimo stalo \u012frankiai"},"content":{"rendered":"<p>Plieniniai serviravimo stalo \u012frankiai su \u0105\u017euolin\u0117mis rankenomis. Klasikinio ir minimalistinio dizaino, grynai skandinavi\u0161ko stiliaus. \u0160ie \u012frankiai puikiai tinka vakarien\u0117ms ir ypatingiems patiekalams namuose. Supakuoti \u012f i\u0161skirtin\u0119 dovan\u0173 d\u0117\u017eut\u0119.<\/p>","protected":false},"excerpt":{"rendered":"<p>Plieniniai serviravimo stalo \u012frankiai su \u0105\u017euolin\u0117mis rankenomis. Klasikinio ir minimalistinio dizaino, grynai skandinavi\u0161ko stiliaus. \u0160ie \u012frankiai puikiai tinka vakarien\u0117ms ir ypatingiems patiekalams namuose. Supakuoti \u012f i\u0161skirtin\u0119 dovan\u0173 d\u0117\u017eut\u0119.<\/p>","protected":false},"featured_media":1795,"comment_status":"open","ping_status":"closed","template":"","meta":[],"product_brand":[],"product_cat":[67,37],"product_tag":[],"class_list":{"0":"post-1805","1":"product","2":"type-product","3":"status-publish","4":"has-post-thumbnail","6":"product_cat-virtuves-reikmenys","7":"product_cat-namams","9":"first","10":"instock","11":"shipping-taxable","12":"purchasable","13":"product-type-simple"},"_links":{"self":[{"href":"https:\/\/dgvgifts.com\/lt\/wp-json\/wp\/v2\/product\/1805","targetHints":{"allow":["GET"]}}],"collection":[{"href":"https:\/\/dgvgifts.com\/lt\/wp-json\/wp\/v2\/product"}],"about":[{"href":"https:\/\/dgvgifts.com\/lt\/wp-json\/wp\/v2\/types\/product"}],"replies":[{"embeddable":true,"href":"https:\/\/dgvgifts.com\/lt\/wp-json\/wp\/v2\/comments?post=1805"}],"version-history":[{"count":1,"href":"https:\/\/dgvgifts.com\/lt\/wp-json\/wp\/v2\/product\/1805\/revisions"}],"predecessor-version":[{"id":2877,"href":"https:\/\/dgvgifts.com\/lt\/wp-json\/wp\/v2\/product\/1805\/revisions\/2877"}],"wp:featuredmedia":[{"embeddable":true,"href":"https:\/\/dgvgifts.com\/lt\/wp-json\/wp\/v2\/media\/1795"}],"wp:attachment":[{"href":"https:\/\/dgvgifts.com\/lt\/wp-json\/wp\/v2\/media?parent=1805"}],"wp:term":[{"taxonomy":"product_brand","embeddable":true,"href":"https:\/\/dgvgifts.com\/lt\/wp-json\/wp\/v2\/product_brand?post=1805"},{"taxonomy":"product_cat","embeddable":true,"href":"https:\/\/dgvgifts.com\/lt\/wp-json\/wp\/v2\/product_cat?post=1805"},{"taxonomy":"product_tag","embeddable":true,"href":"https:\/\/dgvgifts.com\/lt\/wp-json\/wp\/v2\/product_tag?post=1805"}],"curies":[{"name":"wp","href":"https:\/\/api.w.org\/{rel}","templated":true}]}}