{"id":1815,"date":"2023-02-24T10:04:00","date_gmt":"2023-02-24T10:04:00","guid":{"rendered":"https:\/\/dgvgifts.com\/index.php\/product\/vinga-kaiser-chefs-knife\/"},"modified":"2024-11-08T10:13:39","modified_gmt":"2024-11-08T10:13:39","slug":"vinga-kaiser-chefs-knife","status":"publish","type":"product","link":"https:\/\/dgvgifts.com\/lt\/produktas\/vinga-kaiser-chefs-knife\/","title":{"rendered":"VINGA Kaiser vir\u0117jo peilis"},"content":{"rendered":"<p>Virtuv\u0117s \u0161efo peilis pagamintas i\u0161 X50CrMoV15 voki\u0161ko plieno su medine rankena. D\u0117l lengvai priglundan\u010dios rankenos ir puikiai subalansuotos gele\u017et\u0117s peilis yra patogus ir su juo lengva dirbti. Dydis: 20 cm ilgio gele\u017et\u0117.<\/p>","protected":false},"excerpt":{"rendered":"<p>Virtuv\u0117s \u0161efo peilis pagamintas i\u0161 X50CrMoV15 voki\u0161ko plieno su medine rankena. D\u0117l lengvai priglundan\u010dios rankenos ir puikiai subalansuotos gele\u017et\u0117s peilis yra patogus ir su juo lengva dirbti. Dydis: 20 cm ilgio gele\u017et\u0117.<\/p>","protected":false},"featured_media":1806,"comment_status":"open","ping_status":"closed","template":"","meta":[],"product_brand":[],"product_cat":[67,37],"product_tag":[],"class_list":{"0":"post-1815","1":"product","2":"type-product","3":"status-publish","4":"has-post-thumbnail","6":"product_cat-virtuves-reikmenys","7":"product_cat-namams","9":"first","10":"instock","11":"shipping-taxable","12":"purchasable","13":"product-type-simple"},"_links":{"self":[{"href":"https:\/\/dgvgifts.com\/lt\/wp-json\/wp\/v2\/product\/1815","targetHints":{"allow":["GET"]}}],"collection":[{"href":"https:\/\/dgvgifts.com\/lt\/wp-json\/wp\/v2\/product"}],"about":[{"href":"https:\/\/dgvgifts.com\/lt\/wp-json\/wp\/v2\/types\/product"}],"replies":[{"embeddable":true,"href":"https:\/\/dgvgifts.com\/lt\/wp-json\/wp\/v2\/comments?post=1815"}],"version-history":[{"count":1,"href":"https:\/\/dgvgifts.com\/lt\/wp-json\/wp\/v2\/product\/1815\/revisions"}],"predecessor-version":[{"id":2876,"href":"https:\/\/dgvgifts.com\/lt\/wp-json\/wp\/v2\/product\/1815\/revisions\/2876"}],"wp:featuredmedia":[{"embeddable":true,"href":"https:\/\/dgvgifts.com\/lt\/wp-json\/wp\/v2\/media\/1806"}],"wp:attachment":[{"href":"https:\/\/dgvgifts.com\/lt\/wp-json\/wp\/v2\/media?parent=1815"}],"wp:term":[{"taxonomy":"product_brand","embeddable":true,"href":"https:\/\/dgvgifts.com\/lt\/wp-json\/wp\/v2\/product_brand?post=1815"},{"taxonomy":"product_cat","embeddable":true,"href":"https:\/\/dgvgifts.com\/lt\/wp-json\/wp\/v2\/product_cat?post=1815"},{"taxonomy":"product_tag","embeddable":true,"href":"https:\/\/dgvgifts.com\/lt\/wp-json\/wp\/v2\/product_tag?post=1815"}],"curies":[{"name":"wp","href":"https:\/\/api.w.org\/{rel}","templated":true}]}}