{"id":1834,"date":"2023-02-24T10:04:15","date_gmt":"2023-02-24T10:04:15","guid":{"rendered":"https:\/\/dgvgifts.com\/index.php\/product\/vinga-hattasan-chefs-knife\/"},"modified":"2024-11-08T10:13:15","modified_gmt":"2024-11-08T10:13:15","slug":"vinga-hattasan-chefs-knife","status":"publish","type":"product","link":"https:\/\/dgvgifts.com\/lt\/produktas\/vinga-hattasan-chefs-knife\/","title":{"rendered":"VINGA Hattasan \u0161efo peilis"},"content":{"rendered":"<p>Auk\u0161tos kokyb\u0117s vir\u0117jo peilis i\u0161 japoni\u0161ko plieno (420 J2). Ne\u012ftik\u0117tinai a\u0161trus peilis, nereikalaujantis pastovaus galandimo. Peilis turi pla\u010di\u0105 gele\u017et\u0119, kuri i\u0161ilgai kra\u0161to yra \u0161iek tiek i\u0161lenkta. Tai universalus peilis, kur\u012f galima naudoti viskam - nuo dar\u017eovi\u0173 lupimo, pjaustymo grie\u017ein\u0117liais, iki m\u0117sos paruo\u0161imo.<\/p>","protected":false},"excerpt":{"rendered":"<p>Auk\u0161tos kokyb\u0117s vir\u0117jo peilis i\u0161 japoni\u0161ko plieno (420 J2). Ne\u012ftik\u0117tinai a\u0161trus peilis, nereikalaujantis pastovaus galandimo. Peilis turi pla\u010di\u0105 gele\u017et\u0119, kuri i\u0161ilgai kra\u0161to yra \u0161iek tiek i\u0161lenkta. Tai universalus peilis, kur\u012f galima naudoti viskam - nuo dar\u017eovi\u0173 lupimo, pjaustymo grie\u017ein\u0117liais, iki m\u0117sos paruo\u0161imo.<\/p>","protected":false},"featured_media":1824,"comment_status":"open","ping_status":"closed","template":"","meta":[],"product_brand":[],"product_cat":[67,37],"product_tag":[],"class_list":{"0":"post-1834","1":"product","2":"type-product","3":"status-publish","4":"has-post-thumbnail","6":"product_cat-virtuves-reikmenys","7":"product_cat-namams","9":"first","10":"instock","11":"shipping-taxable","12":"purchasable","13":"product-type-simple"},"_links":{"self":[{"href":"https:\/\/dgvgifts.com\/lt\/wp-json\/wp\/v2\/product\/1834","targetHints":{"allow":["GET"]}}],"collection":[{"href":"https:\/\/dgvgifts.com\/lt\/wp-json\/wp\/v2\/product"}],"about":[{"href":"https:\/\/dgvgifts.com\/lt\/wp-json\/wp\/v2\/types\/product"}],"replies":[{"embeddable":true,"href":"https:\/\/dgvgifts.com\/lt\/wp-json\/wp\/v2\/comments?post=1834"}],"version-history":[{"count":1,"href":"https:\/\/dgvgifts.com\/lt\/wp-json\/wp\/v2\/product\/1834\/revisions"}],"predecessor-version":[{"id":2874,"href":"https:\/\/dgvgifts.com\/lt\/wp-json\/wp\/v2\/product\/1834\/revisions\/2874"}],"wp:featuredmedia":[{"embeddable":true,"href":"https:\/\/dgvgifts.com\/lt\/wp-json\/wp\/v2\/media\/1824"}],"wp:attachment":[{"href":"https:\/\/dgvgifts.com\/lt\/wp-json\/wp\/v2\/media?parent=1834"}],"wp:term":[{"taxonomy":"product_brand","embeddable":true,"href":"https:\/\/dgvgifts.com\/lt\/wp-json\/wp\/v2\/product_brand?post=1834"},{"taxonomy":"product_cat","embeddable":true,"href":"https:\/\/dgvgifts.com\/lt\/wp-json\/wp\/v2\/product_cat?post=1834"},{"taxonomy":"product_tag","embeddable":true,"href":"https:\/\/dgvgifts.com\/lt\/wp-json\/wp\/v2\/product_tag?post=1834"}],"curies":[{"name":"wp","href":"https:\/\/api.w.org\/{rel}","templated":true}]}}