{"id":1851,"date":"2023-02-24T10:04:28","date_gmt":"2023-02-24T10:04:28","guid":{"rendered":"https:\/\/dgvgifts.com\/index.php\/product\/vinga-hattasan-damascus-santoku-knife\/"},"modified":"2024-11-08T10:12:46","modified_gmt":"2024-11-08T10:12:46","slug":"vinga-hattasan-damascus-santoku-knife","status":"publish","type":"product","link":"https:\/\/dgvgifts.com\/lt\/produktas\/vinga-hattasan-damascus-santoku-knife\/","title":{"rendered":"VINGA Hattasan Damascus Santoku peilis"},"content":{"rendered":"<p>\u0160is \"Santoku\" peilis idealiai tinka m\u0117sai ir didesn\u0117ms dar\u017eov\u0117ms pjaustyti arba \u017eolel\u0117ms smulkinti. Tvirta medin\u0117 rankena yra ergonomi\u0161ka, tod\u0117l peil\u012f lengva ir patogu naudoti. Tai rei\u0161kia, kad su peiliu gal\u0117site ilgai dirbti nevargindami rankos. Gele\u017et\u0117 turi ne\u012ftik\u0117tinai kiet\u0105 VG10 plieno \u0161erd\u012f, kuri i\u0161lieta i\u0161 67 plieno sluoksni\u0173. D\u0117l to peilis yra patvarus, ne\u012ftik\u0117tino a\u0161trumo ir i\u0161skirtini\u0173 pjovimo galimybi\u0173.<\/p>","protected":false},"excerpt":{"rendered":"<p>This Santoku knife is ideal for cutting meat and larger vegetables or chopping herbs. The sturdy pakkawood handle is ergonomically designed, making the knife easy and comfortable to use. This means you can work with the knife for a long time without tiring your hand. The blade has an incredibly hard core of VG10 steel [&hellip;]<\/p>","protected":false},"featured_media":1843,"comment_status":"open","ping_status":"closed","template":"","meta":[],"product_brand":[],"product_cat":[67,37],"product_tag":[],"class_list":{"0":"post-1851","1":"product","2":"type-product","3":"status-publish","4":"has-post-thumbnail","6":"product_cat-virtuves-reikmenys","7":"product_cat-namams","9":"first","10":"instock","11":"shipping-taxable","12":"purchasable","13":"product-type-simple"},"_links":{"self":[{"href":"https:\/\/dgvgifts.com\/lt\/wp-json\/wp\/v2\/product\/1851","targetHints":{"allow":["GET"]}}],"collection":[{"href":"https:\/\/dgvgifts.com\/lt\/wp-json\/wp\/v2\/product"}],"about":[{"href":"https:\/\/dgvgifts.com\/lt\/wp-json\/wp\/v2\/types\/product"}],"replies":[{"embeddable":true,"href":"https:\/\/dgvgifts.com\/lt\/wp-json\/wp\/v2\/comments?post=1851"}],"version-history":[{"count":1,"href":"https:\/\/dgvgifts.com\/lt\/wp-json\/wp\/v2\/product\/1851\/revisions"}],"predecessor-version":[{"id":2872,"href":"https:\/\/dgvgifts.com\/lt\/wp-json\/wp\/v2\/product\/1851\/revisions\/2872"}],"wp:featuredmedia":[{"embeddable":true,"href":"https:\/\/dgvgifts.com\/lt\/wp-json\/wp\/v2\/media\/1843"}],"wp:attachment":[{"href":"https:\/\/dgvgifts.com\/lt\/wp-json\/wp\/v2\/media?parent=1851"}],"wp:term":[{"taxonomy":"product_brand","embeddable":true,"href":"https:\/\/dgvgifts.com\/lt\/wp-json\/wp\/v2\/product_brand?post=1851"},{"taxonomy":"product_cat","embeddable":true,"href":"https:\/\/dgvgifts.com\/lt\/wp-json\/wp\/v2\/product_cat?post=1851"},{"taxonomy":"product_tag","embeddable":true,"href":"https:\/\/dgvgifts.com\/lt\/wp-json\/wp\/v2\/product_tag?post=1851"}],"curies":[{"name":"wp","href":"https:\/\/api.w.org\/{rel}","templated":true}]}}