{"id":1860,"date":"2023-02-24T10:04:37","date_gmt":"2023-02-24T10:04:37","guid":{"rendered":"https:\/\/dgvgifts.com\/index.php\/product\/vinga-hattasan-santoku-knife\/"},"modified":"2024-11-08T10:12:30","modified_gmt":"2024-11-08T10:12:30","slug":"vinga-hattasan-santoku-knife","status":"publish","type":"product","link":"https:\/\/dgvgifts.com\/lt\/produktas\/vinga-hattasan-santoku-knife\/","title":{"rendered":"VINGA Hattasan santoku peilis"},"content":{"rendered":"<p>Auk\u0161tos kokyb\u0117s peilis i\u0161 japoni\u0161ko plieno (420 J2). Santoku - tai japoni\u0161kas peilis, pasi\u017eymintis dideliu universalumu, tod\u0117l primena tradicin\u012f vir\u0117jo peil\u012f. Skirtumas tas, kad santoku peilis turi trumpesn\u0119 gele\u017et\u0119, tod\u0117l juo galima grei\u010diau pjauti. Daugelis \u0161\u012f peil\u012f naudoja kaip universal\u0173 peil\u012f, nes jis yra ma\u017eesnis ir patogesnis.<\/p>","protected":false},"excerpt":{"rendered":"<p>High quality knife in Japanese steel (420 J2). Santoku is a Japanese knife with high versatility and therefore resembles a traditional chef&#8217;s knife. The difference is that the santoku knife has a shorter blade which makes it faster to cut with and more comfortable for the knuckles to rest on. The knife is used by [&hellip;]<\/p>","protected":false},"featured_media":1852,"comment_status":"open","ping_status":"closed","template":"","meta":[],"product_brand":[],"product_cat":[67,37],"product_tag":[],"class_list":{"0":"post-1860","1":"product","2":"type-product","3":"status-publish","4":"has-post-thumbnail","6":"product_cat-virtuves-reikmenys","7":"product_cat-namams","9":"first","10":"instock","11":"shipping-taxable","12":"purchasable","13":"product-type-simple"},"_links":{"self":[{"href":"https:\/\/dgvgifts.com\/lt\/wp-json\/wp\/v2\/product\/1860","targetHints":{"allow":["GET"]}}],"collection":[{"href":"https:\/\/dgvgifts.com\/lt\/wp-json\/wp\/v2\/product"}],"about":[{"href":"https:\/\/dgvgifts.com\/lt\/wp-json\/wp\/v2\/types\/product"}],"replies":[{"embeddable":true,"href":"https:\/\/dgvgifts.com\/lt\/wp-json\/wp\/v2\/comments?post=1860"}],"version-history":[{"count":1,"href":"https:\/\/dgvgifts.com\/lt\/wp-json\/wp\/v2\/product\/1860\/revisions"}],"predecessor-version":[{"id":2871,"href":"https:\/\/dgvgifts.com\/lt\/wp-json\/wp\/v2\/product\/1860\/revisions\/2871"}],"wp:featuredmedia":[{"embeddable":true,"href":"https:\/\/dgvgifts.com\/lt\/wp-json\/wp\/v2\/media\/1852"}],"wp:attachment":[{"href":"https:\/\/dgvgifts.com\/lt\/wp-json\/wp\/v2\/media?parent=1860"}],"wp:term":[{"taxonomy":"product_brand","embeddable":true,"href":"https:\/\/dgvgifts.com\/lt\/wp-json\/wp\/v2\/product_brand?post=1860"},{"taxonomy":"product_cat","embeddable":true,"href":"https:\/\/dgvgifts.com\/lt\/wp-json\/wp\/v2\/product_cat?post=1860"},{"taxonomy":"product_tag","embeddable":true,"href":"https:\/\/dgvgifts.com\/lt\/wp-json\/wp\/v2\/product_tag?post=1860"}],"curies":[{"name":"wp","href":"https:\/\/api.w.org\/{rel}","templated":true}]}}