{"id":1879,"date":"2023-02-24T10:04:51","date_gmt":"2023-02-24T10:04:51","guid":{"rendered":"https:\/\/dgvgifts.com\/index.php\/product\/vinga-lenox-blanket\/"},"modified":"2024-11-08T10:12:17","modified_gmt":"2024-11-08T10:12:17","slug":"vinga-lenox-blanket","status":"publish","type":"product","link":"https:\/\/dgvgifts.com\/lt\/produktas\/vinga-lenox-blanket\/","title":{"rendered":"VINGA Lenox pledas"},"content":{"rendered":"<p>\u017dakardinis audinys, pasi\u017eymintis subtiliu geometriniu pie\u0161iniu, suteikian\u010diu stiling\u0105 dizain\u0105, idealiai tinkantis namams. Gra\u017eus ra\u0161tas tiems, kuriems svarbu ne tik patogumas, bet ir tai, kas suteikia namams stiling\u0105 i\u0161vaizd\u0105. Pagaminta i\u0161 100 % akrilo - dirbtin\u0117s sintetin\u0117s med\u017eiagos, kurios savyb\u0117s imituoja vilnos pluo\u0161t\u0105. OEKO-TEX Standartas 100,  rei\u0161kia, kad naudojami audiniai atitinka daugel\u012f gamini\u0173 saugos kriterij\u0173.<\/p>","protected":false},"excerpt":{"rendered":"<p>Jacquard woven throw with a subtle geometric pattern that gives the throw a stylish design ideal for home. A lovely pattern for anyone interested in more than just comfort alone but also wanting something that gives their home a more stylish look. Made of 100% acrylic, a man-made synthetic material with properties designed to mimic [&hellip;]<\/p>","protected":false},"featured_media":1861,"comment_status":"open","ping_status":"closed","template":"","meta":[],"product_brand":[],"product_cat":[58,34],"product_tag":[],"class_list":{"0":"post-1879","1":"product","2":"type-product","3":"status-publish","4":"has-post-thumbnail","6":"product_cat-pledai","7":"product_cat-tekstile","9":"first","10":"instock","11":"shipping-taxable","12":"purchasable","13":"product-type-simple"},"_links":{"self":[{"href":"https:\/\/dgvgifts.com\/lt\/wp-json\/wp\/v2\/product\/1879","targetHints":{"allow":["GET"]}}],"collection":[{"href":"https:\/\/dgvgifts.com\/lt\/wp-json\/wp\/v2\/product"}],"about":[{"href":"https:\/\/dgvgifts.com\/lt\/wp-json\/wp\/v2\/types\/product"}],"replies":[{"embeddable":true,"href":"https:\/\/dgvgifts.com\/lt\/wp-json\/wp\/v2\/comments?post=1879"}],"version-history":[{"count":1,"href":"https:\/\/dgvgifts.com\/lt\/wp-json\/wp\/v2\/product\/1879\/revisions"}],"predecessor-version":[{"id":2870,"href":"https:\/\/dgvgifts.com\/lt\/wp-json\/wp\/v2\/product\/1879\/revisions\/2870"}],"wp:featuredmedia":[{"embeddable":true,"href":"https:\/\/dgvgifts.com\/lt\/wp-json\/wp\/v2\/media\/1861"}],"wp:attachment":[{"href":"https:\/\/dgvgifts.com\/lt\/wp-json\/wp\/v2\/media?parent=1879"}],"wp:term":[{"taxonomy":"product_brand","embeddable":true,"href":"https:\/\/dgvgifts.com\/lt\/wp-json\/wp\/v2\/product_brand?post=1879"},{"taxonomy":"product_cat","embeddable":true,"href":"https:\/\/dgvgifts.com\/lt\/wp-json\/wp\/v2\/product_cat?post=1879"},{"taxonomy":"product_tag","embeddable":true,"href":"https:\/\/dgvgifts.com\/lt\/wp-json\/wp\/v2\/product_tag?post=1879"}],"curies":[{"name":"wp","href":"https:\/\/api.w.org\/{rel}","templated":true}]}}