{"id":1885,"date":"2023-02-24T10:04:56","date_gmt":"2023-02-24T10:04:56","guid":{"rendered":"https:\/\/dgvgifts.com\/index.php\/product\/vinga-bilton-recycled-blanket\/"},"modified":"2024-11-08T10:12:06","modified_gmt":"2024-11-08T10:12:06","slug":"vinga-bilton-recycled-blanket","status":"publish","type":"product","link":"https:\/\/dgvgifts.com\/lt\/produktas\/vinga-bilton-recycled-blanket\/","title":{"rendered":"VINGA Bilton perdirbtas pledas"},"content":{"rendered":"<p>Gra\u017eus melan\u017einis vilnonis pledas, kurio nenor\u0117site paleisti i\u0161 rank\u0173, nesvarbu, ar gra\u017e\u0173 vasaros vakar\u0105 s\u0117dite lauke, ar ilsit\u0117s namuose ant sofos. Pagamintas i\u0161 30 % perdirbto poliesterio pluo\u0161to. Pled\u0105 galite lengvai paversti prakti\u0161ku pon\u010du, u\u017eseg\u0119 sag\u0105 ilgojoje pledo pus\u0117je. OEKO-TEX Standartas 100 rei\u0161kia, kad pledo med\u017eiaga atitinka daugyb\u0119 produkto saugos kriterij\u0173.<\/p>","protected":false},"excerpt":{"rendered":"<p>Lovely m\u00e9lange fleece plaid that you will not want to let go of, regardless of whether you are sitting outside on a beautiful summer evening or lounging on the couch at home. Made of 30% recycled polyester fibre. You can easily transform it into a practical poncho with the discreet button on the long side [&hellip;]<\/p>","protected":false},"featured_media":1880,"comment_status":"open","ping_status":"closed","template":"","meta":[],"product_brand":[],"product_cat":[58,34],"product_tag":[],"class_list":{"0":"post-1885","1":"product","2":"type-product","3":"status-publish","4":"has-post-thumbnail","6":"product_cat-pledai","7":"product_cat-tekstile","9":"first","10":"instock","11":"shipping-taxable","12":"purchasable","13":"product-type-simple"},"_links":{"self":[{"href":"https:\/\/dgvgifts.com\/lt\/wp-json\/wp\/v2\/product\/1885","targetHints":{"allow":["GET"]}}],"collection":[{"href":"https:\/\/dgvgifts.com\/lt\/wp-json\/wp\/v2\/product"}],"about":[{"href":"https:\/\/dgvgifts.com\/lt\/wp-json\/wp\/v2\/types\/product"}],"replies":[{"embeddable":true,"href":"https:\/\/dgvgifts.com\/lt\/wp-json\/wp\/v2\/comments?post=1885"}],"version-history":[{"count":1,"href":"https:\/\/dgvgifts.com\/lt\/wp-json\/wp\/v2\/product\/1885\/revisions"}],"predecessor-version":[{"id":2869,"href":"https:\/\/dgvgifts.com\/lt\/wp-json\/wp\/v2\/product\/1885\/revisions\/2869"}],"wp:featuredmedia":[{"embeddable":true,"href":"https:\/\/dgvgifts.com\/lt\/wp-json\/wp\/v2\/media\/1880"}],"wp:attachment":[{"href":"https:\/\/dgvgifts.com\/lt\/wp-json\/wp\/v2\/media?parent=1885"}],"wp:term":[{"taxonomy":"product_brand","embeddable":true,"href":"https:\/\/dgvgifts.com\/lt\/wp-json\/wp\/v2\/product_brand?post=1885"},{"taxonomy":"product_cat","embeddable":true,"href":"https:\/\/dgvgifts.com\/lt\/wp-json\/wp\/v2\/product_cat?post=1885"},{"taxonomy":"product_tag","embeddable":true,"href":"https:\/\/dgvgifts.com\/lt\/wp-json\/wp\/v2\/product_tag?post=1885"}],"curies":[{"name":"wp","href":"https:\/\/api.w.org\/{rel}","templated":true}]}}