{"id":1900,"date":"2023-02-24T10:05:11","date_gmt":"2023-02-24T10:05:11","guid":{"rendered":"https:\/\/dgvgifts.com\/index.php\/product\/vinga-gigaro-cheese-knives\/"},"modified":"2024-11-08T10:11:46","modified_gmt":"2024-11-08T10:11:46","slug":"vinga-gigaro-cheese-knives","status":"publish","type":"product","link":"https:\/\/dgvgifts.com\/lt\/produktas\/vinga-gigaro-cheese-knives\/","title":{"rendered":"VINGA Gigaro s\u016brio peiliai"},"content":{"rendered":"<p>I\u0161skirtinis ner\u016bdijan\u010dio plieno s\u016brio peili\u0173 rinkinys, kur\u012f sudaro du s\u016brio peiliai ir sviesto peilis su juoda med\u017eio rankena. Supakuotas \u012f i\u0161skirtin\u0119 dovan\u0173 d\u0117\u017eut\u0119.<\/p>","protected":false},"excerpt":{"rendered":"<p>I\u0161skirtinis ner\u016bdijan\u010dio plieno s\u016brio peili\u0173 rinkinys, kur\u012f sudaro du s\u016brio peiliai ir sviesto peilis su juoda med\u017eio rankena. Supakuotas \u012f i\u0161skirtin\u0119 dovan\u0173 d\u0117\u017eut\u0119.<\/p>","protected":false},"featured_media":1886,"comment_status":"open","ping_status":"closed","template":"","meta":[],"product_brand":[],"product_cat":[67,37],"product_tag":[],"class_list":{"0":"post-1900","1":"product","2":"type-product","3":"status-publish","4":"has-post-thumbnail","6":"product_cat-virtuves-reikmenys","7":"product_cat-namams","9":"first","10":"instock","11":"shipping-taxable","12":"purchasable","13":"product-type-simple"},"_links":{"self":[{"href":"https:\/\/dgvgifts.com\/lt\/wp-json\/wp\/v2\/product\/1900","targetHints":{"allow":["GET"]}}],"collection":[{"href":"https:\/\/dgvgifts.com\/lt\/wp-json\/wp\/v2\/product"}],"about":[{"href":"https:\/\/dgvgifts.com\/lt\/wp-json\/wp\/v2\/types\/product"}],"replies":[{"embeddable":true,"href":"https:\/\/dgvgifts.com\/lt\/wp-json\/wp\/v2\/comments?post=1900"}],"version-history":[{"count":1,"href":"https:\/\/dgvgifts.com\/lt\/wp-json\/wp\/v2\/product\/1900\/revisions"}],"predecessor-version":[{"id":2868,"href":"https:\/\/dgvgifts.com\/lt\/wp-json\/wp\/v2\/product\/1900\/revisions\/2868"}],"wp:featuredmedia":[{"embeddable":true,"href":"https:\/\/dgvgifts.com\/lt\/wp-json\/wp\/v2\/media\/1886"}],"wp:attachment":[{"href":"https:\/\/dgvgifts.com\/lt\/wp-json\/wp\/v2\/media?parent=1900"}],"wp:term":[{"taxonomy":"product_brand","embeddable":true,"href":"https:\/\/dgvgifts.com\/lt\/wp-json\/wp\/v2\/product_brand?post=1900"},{"taxonomy":"product_cat","embeddable":true,"href":"https:\/\/dgvgifts.com\/lt\/wp-json\/wp\/v2\/product_cat?post=1900"},{"taxonomy":"product_tag","embeddable":true,"href":"https:\/\/dgvgifts.com\/lt\/wp-json\/wp\/v2\/product_tag?post=1900"}],"curies":[{"name":"wp","href":"https:\/\/api.w.org\/{rel}","templated":true}]}}