{"id":1905,"date":"2023-02-24T10:05:14","date_gmt":"2023-02-24T10:05:14","guid":{"rendered":"https:\/\/dgvgifts.com\/index.php\/product\/vinga-gigaro-serving-cutlery\/"},"modified":"2024-11-08T10:11:33","modified_gmt":"2024-11-08T10:11:33","slug":"vinga-gigaro-serving-cutlery","status":"publish","type":"product","link":"https:\/\/dgvgifts.com\/lt\/produktas\/vinga-gigaro-serving-cutlery\/","title":{"rendered":"VINGA Gigaro serviravimo stalo \u012frankiai"},"content":{"rendered":"<p>Auk\u0161tos kokyb\u0117s salot\u0173 serviravimo \u012frankiai, pagaminti i\u0161 nerudijan\u010dio plieno, su juoda medine rankena. Supakuota  dovan\u0173 d\u0117\u017eut\u0117je.<\/p>","protected":false},"excerpt":{"rendered":"<p>Auk\u0161tos kokyb\u0117s salot\u0173 serviravimo \u012frankiai, pagaminti i\u0161 nerudijan\u010dio plieno, su juoda medine rankena. Supakuota  dovan\u0173 d\u0117\u017eut\u0117je.<\/p>","protected":false},"featured_media":1901,"comment_status":"open","ping_status":"closed","template":"","meta":[],"product_brand":[],"product_cat":[67,37],"product_tag":[],"class_list":{"0":"post-1905","1":"product","2":"type-product","3":"status-publish","4":"has-post-thumbnail","6":"product_cat-virtuves-reikmenys","7":"product_cat-namams","9":"first","10":"instock","11":"shipping-taxable","12":"purchasable","13":"product-type-simple"},"_links":{"self":[{"href":"https:\/\/dgvgifts.com\/lt\/wp-json\/wp\/v2\/product\/1905","targetHints":{"allow":["GET"]}}],"collection":[{"href":"https:\/\/dgvgifts.com\/lt\/wp-json\/wp\/v2\/product"}],"about":[{"href":"https:\/\/dgvgifts.com\/lt\/wp-json\/wp\/v2\/types\/product"}],"replies":[{"embeddable":true,"href":"https:\/\/dgvgifts.com\/lt\/wp-json\/wp\/v2\/comments?post=1905"}],"version-history":[{"count":1,"href":"https:\/\/dgvgifts.com\/lt\/wp-json\/wp\/v2\/product\/1905\/revisions"}],"predecessor-version":[{"id":2867,"href":"https:\/\/dgvgifts.com\/lt\/wp-json\/wp\/v2\/product\/1905\/revisions\/2867"}],"wp:featuredmedia":[{"embeddable":true,"href":"https:\/\/dgvgifts.com\/lt\/wp-json\/wp\/v2\/media\/1901"}],"wp:attachment":[{"href":"https:\/\/dgvgifts.com\/lt\/wp-json\/wp\/v2\/media?parent=1905"}],"wp:term":[{"taxonomy":"product_brand","embeddable":true,"href":"https:\/\/dgvgifts.com\/lt\/wp-json\/wp\/v2\/product_brand?post=1905"},{"taxonomy":"product_cat","embeddable":true,"href":"https:\/\/dgvgifts.com\/lt\/wp-json\/wp\/v2\/product_cat?post=1905"},{"taxonomy":"product_tag","embeddable":true,"href":"https:\/\/dgvgifts.com\/lt\/wp-json\/wp\/v2\/product_tag?post=1905"}],"curies":[{"name":"wp","href":"https:\/\/api.w.org\/{rel}","templated":true}]}}