{"id":1916,"date":"2023-02-24T10:05:24","date_gmt":"2023-02-24T10:05:24","guid":{"rendered":"https:\/\/dgvgifts.com\/index.php\/product\/vinga-gigaro-trancher-set\/"},"modified":"2024-11-08T10:11:23","modified_gmt":"2024-11-08T10:11:23","slug":"vinga-gigaro-trancher-set","status":"publish","type":"product","link":"https:\/\/dgvgifts.com\/lt\/produktas\/vinga-gigaro-trancher-set\/","title":{"rendered":"VINGA Gigaro \u012franki\u0173 rinkinys"},"content":{"rendered":"<p>Pranc\u016bzi\u0161ko bistro stiliaus, \u012fkv\u0117pto pranc\u016bzi\u0161kojo stiliaus, peili\u0173 ir \u0161aku\u010di\u0173 rinkinys. Juoda med\u017eio rankena ir auk\u0161tos kokyb\u0117s ner\u016bdijan\u010dio plieno a\u0161menys. Supakuotas \u012f i\u0161skirtin\u0119 dovan\u0173 d\u0117\u017eut\u0119.<\/p>","protected":false},"excerpt":{"rendered":"<p>Pranc\u016bzi\u0161ko bistro stiliaus, \u012fkv\u0117pto pranc\u016bzi\u0161kojo stiliaus, peili\u0173 ir \u0161aku\u010di\u0173 rinkinys. Juoda med\u017eio rankena ir auk\u0161tos kokyb\u0117s ner\u016bdijan\u010dio plieno a\u0161menys. Supakuotas \u012f i\u0161skirtin\u0119 dovan\u0173 d\u0117\u017eut\u0119.<\/p>","protected":false},"featured_media":1906,"comment_status":"open","ping_status":"closed","template":"","meta":[],"product_brand":[],"product_cat":[67,37],"product_tag":[],"class_list":{"0":"post-1916","1":"product","2":"type-product","3":"status-publish","4":"has-post-thumbnail","6":"product_cat-virtuves-reikmenys","7":"product_cat-namams","9":"first","10":"instock","11":"shipping-taxable","12":"purchasable","13":"product-type-simple"},"_links":{"self":[{"href":"https:\/\/dgvgifts.com\/lt\/wp-json\/wp\/v2\/product\/1916","targetHints":{"allow":["GET"]}}],"collection":[{"href":"https:\/\/dgvgifts.com\/lt\/wp-json\/wp\/v2\/product"}],"about":[{"href":"https:\/\/dgvgifts.com\/lt\/wp-json\/wp\/v2\/types\/product"}],"replies":[{"embeddable":true,"href":"https:\/\/dgvgifts.com\/lt\/wp-json\/wp\/v2\/comments?post=1916"}],"version-history":[{"count":1,"href":"https:\/\/dgvgifts.com\/lt\/wp-json\/wp\/v2\/product\/1916\/revisions"}],"predecessor-version":[{"id":2866,"href":"https:\/\/dgvgifts.com\/lt\/wp-json\/wp\/v2\/product\/1916\/revisions\/2866"}],"wp:featuredmedia":[{"embeddable":true,"href":"https:\/\/dgvgifts.com\/lt\/wp-json\/wp\/v2\/media\/1906"}],"wp:attachment":[{"href":"https:\/\/dgvgifts.com\/lt\/wp-json\/wp\/v2\/media?parent=1916"}],"wp:term":[{"taxonomy":"product_brand","embeddable":true,"href":"https:\/\/dgvgifts.com\/lt\/wp-json\/wp\/v2\/product_brand?post=1916"},{"taxonomy":"product_cat","embeddable":true,"href":"https:\/\/dgvgifts.com\/lt\/wp-json\/wp\/v2\/product_cat?post=1916"},{"taxonomy":"product_tag","embeddable":true,"href":"https:\/\/dgvgifts.com\/lt\/wp-json\/wp\/v2\/product_tag?post=1916"}],"curies":[{"name":"wp","href":"https:\/\/api.w.org\/{rel}","templated":true}]}}