{"id":1934,"date":"2023-02-24T10:05:40","date_gmt":"2023-02-24T10:05:40","guid":{"rendered":"https:\/\/dgvgifts.com\/index.php\/product\/vinga-baltimore-backpack\/"},"modified":"2024-11-08T10:11:08","modified_gmt":"2024-11-08T10:11:08","slug":"vinga-baltimore-backpack","status":"publish","type":"product","link":"https:\/\/dgvgifts.com\/lt\/produktas\/vinga-baltimore-backpack\/","title":{"rendered":"VINGA Baltimore kuprin\u0117"},"content":{"rendered":"<p>Minimalistin\u0117 kuprin\u0117, tinkanti visoms progoms. Kuprin\u0117 pagaminta i\u0161 vandeniui atsparios vegani\u0161kos odos ir turi reguliuojamus dir\u017eelius, kad b\u016bt\u0173 patogu. Kuprin\u0117je taip pat yra u\u017etrauktuku u\u017esegama ki\u0161en\u0117 vienoje pus\u0117je ir pasl\u0117pta ki\u0161en\u0117 nugaroje, tod\u0117l gal\u0117site keliauti, nesijaudindami d\u0117l verting\u0173 daikt\u0173. Puikiai tinka ir kaip darbo krep\u0161ys, ir kaip mokyklinis krep\u0161ys.<\/p>","protected":false},"excerpt":{"rendered":"<p>Minimalistic and clean backpack that suits all occasions. The backpack is made of water-repellent nubuck vegan leather and has adjustable straps for optimal comfort. The backpack is also equipped with a zipper pocket on one side and a hidden pocket on the back, so you can easily turn your back without worrying about your valuables. [&hellip;]<\/p>","protected":false},"featured_media":1917,"comment_status":"open","ping_status":"closed","template":"","meta":[],"product_brand":[],"product_cat":[54,33],"product_tag":[],"class_list":{"0":"post-1934","1":"product","2":"type-product","3":"status-publish","4":"has-post-thumbnail","6":"product_cat-kuprines","7":"product_cat-pirkiniams-ir-kelionems","9":"first","10":"instock","11":"shipping-taxable","12":"purchasable","13":"product-type-simple"},"_links":{"self":[{"href":"https:\/\/dgvgifts.com\/lt\/wp-json\/wp\/v2\/product\/1934","targetHints":{"allow":["GET"]}}],"collection":[{"href":"https:\/\/dgvgifts.com\/lt\/wp-json\/wp\/v2\/product"}],"about":[{"href":"https:\/\/dgvgifts.com\/lt\/wp-json\/wp\/v2\/types\/product"}],"replies":[{"embeddable":true,"href":"https:\/\/dgvgifts.com\/lt\/wp-json\/wp\/v2\/comments?post=1934"}],"version-history":[{"count":1,"href":"https:\/\/dgvgifts.com\/lt\/wp-json\/wp\/v2\/product\/1934\/revisions"}],"predecessor-version":[{"id":2865,"href":"https:\/\/dgvgifts.com\/lt\/wp-json\/wp\/v2\/product\/1934\/revisions\/2865"}],"wp:featuredmedia":[{"embeddable":true,"href":"https:\/\/dgvgifts.com\/lt\/wp-json\/wp\/v2\/media\/1917"}],"wp:attachment":[{"href":"https:\/\/dgvgifts.com\/lt\/wp-json\/wp\/v2\/media?parent=1934"}],"wp:term":[{"taxonomy":"product_brand","embeddable":true,"href":"https:\/\/dgvgifts.com\/lt\/wp-json\/wp\/v2\/product_brand?post=1934"},{"taxonomy":"product_cat","embeddable":true,"href":"https:\/\/dgvgifts.com\/lt\/wp-json\/wp\/v2\/product_cat?post=1934"},{"taxonomy":"product_tag","embeddable":true,"href":"https:\/\/dgvgifts.com\/lt\/wp-json\/wp\/v2\/product_tag?post=1934"}],"curies":[{"name":"wp","href":"https:\/\/api.w.org\/{rel}","templated":true}]}}