{"id":1943,"date":"2023-02-24T10:05:47","date_gmt":"2023-02-24T10:05:47","guid":{"rendered":"https:\/\/dgvgifts.com\/index.php\/product\/vinga-baltimore-weekendbag\/"},"modified":"2024-11-08T10:10:55","modified_gmt":"2024-11-08T10:10:55","slug":"vinga-baltimore-weekendbag","status":"publish","type":"product","link":"https:\/\/dgvgifts.com\/lt\/produktas\/vinga-baltimore-weekendbag\/","title":{"rendered":"VINGA Baltimore savaitgalio krep\u0161ys"},"content":{"rendered":"<p>Su \u0161iuo erdviu savaitgalio krep\u0161iu per pet\u012f neliksite nepasteb\u0117ti, nes jis ir stilingas, ir minimalistinis. Krep\u0161ys turi reguliuojam\u0105 dir\u017e\u0105, tod\u0117l gal\u0117site patogiai keliauti, nesvarbu, ar tai b\u016bt\u0173 darbo kelion\u0117, ar atostogos. Siekiant u\u017etikrinti geresnes daikt\u0173 laikymo s\u0105lygas, vienoje krep\u0161io pus\u0117je \u012frengta u\u017etrauktuku u\u017esegama ki\u0161en\u0117, o kitoje - nedidel\u0117 ki\u0161en\u0117l\u0117 su u\u017etrauktuku. Pagamintas i\u0161 vegani\u0161kos odos, d\u0117l kurios krep\u0161ys pasi\u017eymi vandeniui atspariomis savyb\u0117mis.<\/p>","protected":false},"excerpt":{"rendered":"<p>You won&#8217;t go unnoticed with this spacious weekend bag over your shoulder, as it is both stylish and minimalistic. The bag has an adjustable strap, so you can travel with comfort regardless of whether it is a work trip or a vacation. In order to provide better organisational capacity, the bag has been equipped with [&hellip;]<\/p>","protected":false},"featured_media":1935,"comment_status":"open","ping_status":"closed","template":"","meta":[],"product_brand":[],"product_cat":[54,33],"product_tag":[],"class_list":{"0":"post-1943","1":"product","2":"type-product","3":"status-publish","4":"has-post-thumbnail","6":"product_cat-kuprines","7":"product_cat-pirkiniams-ir-kelionems","9":"first","10":"instock","11":"shipping-taxable","12":"purchasable","13":"product-type-simple"},"_links":{"self":[{"href":"https:\/\/dgvgifts.com\/lt\/wp-json\/wp\/v2\/product\/1943","targetHints":{"allow":["GET"]}}],"collection":[{"href":"https:\/\/dgvgifts.com\/lt\/wp-json\/wp\/v2\/product"}],"about":[{"href":"https:\/\/dgvgifts.com\/lt\/wp-json\/wp\/v2\/types\/product"}],"replies":[{"embeddable":true,"href":"https:\/\/dgvgifts.com\/lt\/wp-json\/wp\/v2\/comments?post=1943"}],"version-history":[{"count":1,"href":"https:\/\/dgvgifts.com\/lt\/wp-json\/wp\/v2\/product\/1943\/revisions"}],"predecessor-version":[{"id":2864,"href":"https:\/\/dgvgifts.com\/lt\/wp-json\/wp\/v2\/product\/1943\/revisions\/2864"}],"wp:featuredmedia":[{"embeddable":true,"href":"https:\/\/dgvgifts.com\/lt\/wp-json\/wp\/v2\/media\/1935"}],"wp:attachment":[{"href":"https:\/\/dgvgifts.com\/lt\/wp-json\/wp\/v2\/media?parent=1943"}],"wp:term":[{"taxonomy":"product_brand","embeddable":true,"href":"https:\/\/dgvgifts.com\/lt\/wp-json\/wp\/v2\/product_brand?post=1943"},{"taxonomy":"product_cat","embeddable":true,"href":"https:\/\/dgvgifts.com\/lt\/wp-json\/wp\/v2\/product_cat?post=1943"},{"taxonomy":"product_tag","embeddable":true,"href":"https:\/\/dgvgifts.com\/lt\/wp-json\/wp\/v2\/product_tag?post=1943"}],"curies":[{"name":"wp","href":"https:\/\/api.w.org\/{rel}","templated":true}]}}