{"id":1956,"date":"2023-02-24T10:05:59","date_gmt":"2023-02-24T10:05:59","guid":{"rendered":"https:\/\/dgvgifts.com\/index.php\/product\/vinga-baltimore-travel-backpack\/"},"modified":"2024-11-08T10:10:44","modified_gmt":"2024-11-08T10:10:44","slug":"vinga-baltimore-travel-backpack","status":"publish","type":"product","link":"https:\/\/dgvgifts.com\/lt\/produktas\/vinga-baltimore-travel-backpack\/","title":{"rendered":"VINGA Baltimore kelionin\u0117 kuprin\u0117"},"content":{"rendered":"<p>\u0160i kuprin\u0117 yra minimalistinio ir modernaus dizaino, joje yra patogios ma\u017eos ki\u0161el\u0117s, tod\u0117l gal\u0117site i\u0161naudoti vis\u0105 kuprin\u0117s erdv\u0119. Kuprin\u0117je yra pamink\u0161tintas skyrius kompiuteriui ir pasl\u0117pta ki\u0161en\u0117 nugaroje, kurioje galima saugiai laikyti vertingus daiktus. D\u0117l patogaus kuprin\u0117s dyd\u017eio, reguliuojam\u0173 dir\u017e\u0173 ir gerai suplanuot\u0173 skyri\u0173 gal\u0117site lengvai ne\u0161iotis visk\u0105, ko jums prireiks kelion\u0117je. Puikus kompanionas trumpoms kelion\u0117ms ar nakvynei. Pagaminta i\u0161 vegani\u0161kos odos, kuri suteikia kuprinei vandeniui atspari\u0173 savybi\u0173.<\/p>","protected":false},"excerpt":{"rendered":"<p>This backpack comes in a minimalistic and modern design and has handy organisational capacities, ensuring that you can fully utilise all of its space. There is a padded compartment for the computer and a hidden pocket on the back for safe storage of the valuables. The backpack&#8217;s handy size, adjustable straps and well-planned compartments make [&hellip;]<\/p>","protected":false},"featured_media":1944,"comment_status":"open","ping_status":"closed","template":"","meta":[],"product_brand":[],"product_cat":[54,33],"product_tag":[],"class_list":{"0":"post-1956","1":"product","2":"type-product","3":"status-publish","4":"has-post-thumbnail","6":"product_cat-kuprines","7":"product_cat-pirkiniams-ir-kelionems","9":"first","10":"instock","11":"shipping-taxable","12":"purchasable","13":"product-type-simple"},"_links":{"self":[{"href":"https:\/\/dgvgifts.com\/lt\/wp-json\/wp\/v2\/product\/1956","targetHints":{"allow":["GET"]}}],"collection":[{"href":"https:\/\/dgvgifts.com\/lt\/wp-json\/wp\/v2\/product"}],"about":[{"href":"https:\/\/dgvgifts.com\/lt\/wp-json\/wp\/v2\/types\/product"}],"replies":[{"embeddable":true,"href":"https:\/\/dgvgifts.com\/lt\/wp-json\/wp\/v2\/comments?post=1956"}],"version-history":[{"count":1,"href":"https:\/\/dgvgifts.com\/lt\/wp-json\/wp\/v2\/product\/1956\/revisions"}],"predecessor-version":[{"id":2863,"href":"https:\/\/dgvgifts.com\/lt\/wp-json\/wp\/v2\/product\/1956\/revisions\/2863"}],"wp:featuredmedia":[{"embeddable":true,"href":"https:\/\/dgvgifts.com\/lt\/wp-json\/wp\/v2\/media\/1944"}],"wp:attachment":[{"href":"https:\/\/dgvgifts.com\/lt\/wp-json\/wp\/v2\/media?parent=1956"}],"wp:term":[{"taxonomy":"product_brand","embeddable":true,"href":"https:\/\/dgvgifts.com\/lt\/wp-json\/wp\/v2\/product_brand?post=1956"},{"taxonomy":"product_cat","embeddable":true,"href":"https:\/\/dgvgifts.com\/lt\/wp-json\/wp\/v2\/product_cat?post=1956"},{"taxonomy":"product_tag","embeddable":true,"href":"https:\/\/dgvgifts.com\/lt\/wp-json\/wp\/v2\/product_tag?post=1956"}],"curies":[{"name":"wp","href":"https:\/\/api.w.org\/{rel}","templated":true}]}}