{"id":1971,"date":"2023-02-24T10:06:12","date_gmt":"2023-02-24T10:06:12","guid":{"rendered":"https:\/\/dgvgifts.com\/index.php\/product\/vinga-baltimore-bike-bag\/"},"modified":"2024-11-08T10:10:31","modified_gmt":"2024-11-08T10:10:31","slug":"vinga-baltimore-bike-bag","status":"publish","type":"product","link":"https:\/\/dgvgifts.com\/lt\/produktas\/vinga-baltimore-bike-bag\/","title":{"rendered":"VINGA Baltimore dvira\u010dio kuprin\u0117"},"content":{"rendered":"<p>Eleganti\u0161ka, \u0161iuolaiki\u0161ka rankin\u0117 i\u0161 elastingos vegani\u0161kos PU odos. Universalus dizainas j\u0105 leid\u017eia ne\u0161ioti kaip kuprin\u0119 arba rankin\u0119 - patogiai ne\u0161iokite rankin\u0119 ant nugaros, o jei einate pietauti, tiesiog ne\u0161iokite j\u0105 persimet\u0119 per pet\u012f. Pamink\u0161tinta kompiuterio ki\u0161en\u0117 - puiki vieta prietaisams laikyti. \u0160\u012f krep\u0161\u012f taip pat galite pritvirtinti prie dvira\u010dio r\u0117mo. Puikus prakti\u0161kumo ir stiliaus derinys!<\/p>","protected":false},"excerpt":{"rendered":"<p>A chic, contemporary bag in supple vegan\/Nubuck PU leather. This versatile design can be carried as either a rucksack or a tote bag &#8211; commute with the bag comfortably on your back and then simply carry it over your arm if you&#8217;re going out for lunch. The clever padded computer pocket is the perfect place [&hellip;]<\/p>","protected":false},"featured_media":1957,"comment_status":"open","ping_status":"closed","template":"","meta":[],"product_brand":[],"product_cat":[54,33],"product_tag":[],"class_list":{"0":"post-1971","1":"product","2":"type-product","3":"status-publish","4":"has-post-thumbnail","6":"product_cat-kuprines","7":"product_cat-pirkiniams-ir-kelionems","9":"first","10":"instock","11":"shipping-taxable","12":"purchasable","13":"product-type-simple"},"_links":{"self":[{"href":"https:\/\/dgvgifts.com\/lt\/wp-json\/wp\/v2\/product\/1971","targetHints":{"allow":["GET"]}}],"collection":[{"href":"https:\/\/dgvgifts.com\/lt\/wp-json\/wp\/v2\/product"}],"about":[{"href":"https:\/\/dgvgifts.com\/lt\/wp-json\/wp\/v2\/types\/product"}],"replies":[{"embeddable":true,"href":"https:\/\/dgvgifts.com\/lt\/wp-json\/wp\/v2\/comments?post=1971"}],"version-history":[{"count":1,"href":"https:\/\/dgvgifts.com\/lt\/wp-json\/wp\/v2\/product\/1971\/revisions"}],"predecessor-version":[{"id":2862,"href":"https:\/\/dgvgifts.com\/lt\/wp-json\/wp\/v2\/product\/1971\/revisions\/2862"}],"wp:featuredmedia":[{"embeddable":true,"href":"https:\/\/dgvgifts.com\/lt\/wp-json\/wp\/v2\/media\/1957"}],"wp:attachment":[{"href":"https:\/\/dgvgifts.com\/lt\/wp-json\/wp\/v2\/media?parent=1971"}],"wp:term":[{"taxonomy":"product_brand","embeddable":true,"href":"https:\/\/dgvgifts.com\/lt\/wp-json\/wp\/v2\/product_brand?post=1971"},{"taxonomy":"product_cat","embeddable":true,"href":"https:\/\/dgvgifts.com\/lt\/wp-json\/wp\/v2\/product_cat?post=1971"},{"taxonomy":"product_tag","embeddable":true,"href":"https:\/\/dgvgifts.com\/lt\/wp-json\/wp\/v2\/product_tag?post=1971"}],"curies":[{"name":"wp","href":"https:\/\/api.w.org\/{rel}","templated":true}]}}