{"id":1985,"date":"2023-02-24T10:06:24","date_gmt":"2023-02-24T10:06:24","guid":{"rendered":"https:\/\/dgvgifts.com\/index.php\/product\/vinga-hunton-backpack\/"},"modified":"2024-11-08T10:10:06","modified_gmt":"2024-11-08T10:10:06","slug":"vinga-hunton-backpack","status":"publish","type":"product","link":"https:\/\/dgvgifts.com\/lt\/produktas\/vinga-hunton-backpack\/","title":{"rendered":"VINGA Hunton kuprin\u0117"},"content":{"rendered":"<p>I\u0161skirtin\u0117 klasikinio dizaino kuprin\u0117. Pagaminta i\u0161 \u0161velnios zom\u0161os imitacijos med\u017eiagos su \u017ealvario detal\u0117mis. D\u0117l funkcionalumo ir stilingo dizaino \u0161i kuprin\u0117 puikiai tinka tiek darbui, tiek laisvalaikiui. \u012erengta ne\u0161iojamojo kompiuterio ki\u0161en\u0117, kurioje telpa iki 17 coli\u0173 kompiuteriai.<\/p>","protected":false},"excerpt":{"rendered":"<p>I\u0161skirtin\u0117 klasikinio dizaino kuprin\u0117. Pagaminta i\u0161 \u0161velnios zom\u0161os imitacijos med\u017eiagos su \u017ealvario detal\u0117mis. D\u0117l funkcionalumo ir stilingo dizaino \u0161i kuprin\u0117 puikiai tinka tiek darbui, tiek laisvalaikiui. \u012erengta ne\u0161iojamojo kompiuterio ki\u0161en\u0117, kurioje telpa iki 17 coli\u0173 kompiuteriai.<\/p>","protected":false},"featured_media":1972,"comment_status":"open","ping_status":"closed","template":"","meta":[],"product_brand":[],"product_cat":[54,33],"product_tag":[],"class_list":{"0":"post-1985","1":"product","2":"type-product","3":"status-publish","4":"has-post-thumbnail","6":"product_cat-kuprines","7":"product_cat-pirkiniams-ir-kelionems","9":"first","10":"instock","11":"shipping-taxable","12":"purchasable","13":"product-type-simple"},"_links":{"self":[{"href":"https:\/\/dgvgifts.com\/lt\/wp-json\/wp\/v2\/product\/1985","targetHints":{"allow":["GET"]}}],"collection":[{"href":"https:\/\/dgvgifts.com\/lt\/wp-json\/wp\/v2\/product"}],"about":[{"href":"https:\/\/dgvgifts.com\/lt\/wp-json\/wp\/v2\/types\/product"}],"replies":[{"embeddable":true,"href":"https:\/\/dgvgifts.com\/lt\/wp-json\/wp\/v2\/comments?post=1985"}],"version-history":[{"count":1,"href":"https:\/\/dgvgifts.com\/lt\/wp-json\/wp\/v2\/product\/1985\/revisions"}],"predecessor-version":[{"id":2861,"href":"https:\/\/dgvgifts.com\/lt\/wp-json\/wp\/v2\/product\/1985\/revisions\/2861"}],"wp:featuredmedia":[{"embeddable":true,"href":"https:\/\/dgvgifts.com\/lt\/wp-json\/wp\/v2\/media\/1972"}],"wp:attachment":[{"href":"https:\/\/dgvgifts.com\/lt\/wp-json\/wp\/v2\/media?parent=1985"}],"wp:term":[{"taxonomy":"product_brand","embeddable":true,"href":"https:\/\/dgvgifts.com\/lt\/wp-json\/wp\/v2\/product_brand?post=1985"},{"taxonomy":"product_cat","embeddable":true,"href":"https:\/\/dgvgifts.com\/lt\/wp-json\/wp\/v2\/product_cat?post=1985"},{"taxonomy":"product_tag","embeddable":true,"href":"https:\/\/dgvgifts.com\/lt\/wp-json\/wp\/v2\/product_tag?post=1985"}],"curies":[{"name":"wp","href":"https:\/\/api.w.org\/{rel}","templated":true}]}}