{"id":1995,"date":"2023-02-24T10:06:33","date_gmt":"2023-02-24T10:06:33","guid":{"rendered":"https:\/\/dgvgifts.com\/index.php\/product\/vinga-miles-food-thermos\/"},"modified":"2024-11-08T10:09:45","modified_gmt":"2024-11-08T10:09:45","slug":"vinga-miles-food-thermos","status":"publish","type":"product","link":"https:\/\/dgvgifts.com\/lt\/produktas\/vinga-miles-food-thermos\/","title":{"rendered":"VINGA Miles maisto termosas"},"content":{"rendered":"<p>Auk\u0161tos kokyb\u0117s maisto termosas i\u0161 18\/8 plieno. Prie termoso pridedam\u0105 medin\u012f \u0161auk\u0161t\u0105 galima laikyti prie jo pritvirtintame dir\u017eelyje. D\u0117l didel\u0117s angos lengva pripildyti, i\u0161valyti ir valgyti tiesiai i\u0161 termoso.<\/p>","protected":false},"excerpt":{"rendered":"<p>Auk\u0161tos kokyb\u0117s maisto termosas i\u0161 18\/8 plieno. Prie termoso pridedam\u0105 medin\u012f \u0161auk\u0161t\u0105 galima laikyti prie jo pritvirtintame dir\u017eelyje. D\u0117l didel\u0117s angos lengva pripildyti, i\u0161valyti ir valgyti tiesiai i\u0161 termoso.<\/p>","protected":false},"featured_media":1986,"comment_status":"open","ping_status":"closed","template":"","meta":[],"product_brand":[],"product_cat":[50,28],"product_tag":[],"class_list":{"0":"post-1995","1":"product","2":"type-product","3":"status-publish","4":"has-post-thumbnail","6":"product_cat-thermoses","7":"product_cat-water-flasks-and-mugs","9":"first","10":"instock","11":"shipping-taxable","12":"purchasable","13":"product-type-simple"},"_links":{"self":[{"href":"https:\/\/dgvgifts.com\/lt\/wp-json\/wp\/v2\/product\/1995","targetHints":{"allow":["GET"]}}],"collection":[{"href":"https:\/\/dgvgifts.com\/lt\/wp-json\/wp\/v2\/product"}],"about":[{"href":"https:\/\/dgvgifts.com\/lt\/wp-json\/wp\/v2\/types\/product"}],"replies":[{"embeddable":true,"href":"https:\/\/dgvgifts.com\/lt\/wp-json\/wp\/v2\/comments?post=1995"}],"version-history":[{"count":1,"href":"https:\/\/dgvgifts.com\/lt\/wp-json\/wp\/v2\/product\/1995\/revisions"}],"predecessor-version":[{"id":2860,"href":"https:\/\/dgvgifts.com\/lt\/wp-json\/wp\/v2\/product\/1995\/revisions\/2860"}],"wp:featuredmedia":[{"embeddable":true,"href":"https:\/\/dgvgifts.com\/lt\/wp-json\/wp\/v2\/media\/1986"}],"wp:attachment":[{"href":"https:\/\/dgvgifts.com\/lt\/wp-json\/wp\/v2\/media?parent=1995"}],"wp:term":[{"taxonomy":"product_brand","embeddable":true,"href":"https:\/\/dgvgifts.com\/lt\/wp-json\/wp\/v2\/product_brand?post=1995"},{"taxonomy":"product_cat","embeddable":true,"href":"https:\/\/dgvgifts.com\/lt\/wp-json\/wp\/v2\/product_cat?post=1995"},{"taxonomy":"product_tag","embeddable":true,"href":"https:\/\/dgvgifts.com\/lt\/wp-json\/wp\/v2\/product_tag?post=1995"}],"curies":[{"name":"wp","href":"https:\/\/api.w.org\/{rel}","templated":true}]}}