{"id":2018,"date":"2023-02-24T10:06:57","date_gmt":"2023-02-24T10:06:57","guid":{"rendered":"https:\/\/dgvgifts.com\/index.php\/product\/vinga-lean-tritan-water-bottle\/"},"modified":"2024-11-08T10:09:29","modified_gmt":"2024-11-08T10:09:29","slug":"vinga-lean-tritan-water-bottle","status":"publish","type":"product","link":"https:\/\/dgvgifts.com\/lt\/produktas\/vinga-lean-tritan-water-bottle\/","title":{"rendered":"VINGA Lean Tritan vandens gertuv\u0117"},"content":{"rendered":"<p>Vandens buteliukas pagamintas i\u0161 tritano plastiko be BPA. D\u0117l kilpos ant dangtelio j\u012f lengva pakabinti ant treniruoklio, o d\u0117l idealios formos jis telpa \u012f daugum\u0105 puodeli\u0173 laikikli\u0173. Buteliuk\u0105 lengva valyti.<\/p>","protected":false},"excerpt":{"rendered":"<p>Vandens buteliukas pagamintas i\u0161 tritano plastiko be BPA. D\u0117l kilpos ant dangtelio j\u012f lengva pakabinti ant treniruoklio, o d\u0117l idealios formos jis telpa \u012f daugum\u0105 puodeli\u0173 laikikli\u0173. Buteliuk\u0105 lengva valyti.<\/p>","protected":false},"featured_media":1996,"comment_status":"open","ping_status":"closed","template":"","meta":[],"product_brand":[],"product_cat":[51,28],"product_tag":[],"class_list":{"0":"post-2018","1":"product","2":"type-product","3":"status-publish","4":"has-post-thumbnail","6":"product_cat-water-flasks","7":"product_cat-water-flasks-and-mugs","9":"first","10":"instock","11":"shipping-taxable","12":"purchasable","13":"product-type-simple"},"_links":{"self":[{"href":"https:\/\/dgvgifts.com\/lt\/wp-json\/wp\/v2\/product\/2018","targetHints":{"allow":["GET"]}}],"collection":[{"href":"https:\/\/dgvgifts.com\/lt\/wp-json\/wp\/v2\/product"}],"about":[{"href":"https:\/\/dgvgifts.com\/lt\/wp-json\/wp\/v2\/types\/product"}],"replies":[{"embeddable":true,"href":"https:\/\/dgvgifts.com\/lt\/wp-json\/wp\/v2\/comments?post=2018"}],"version-history":[{"count":1,"href":"https:\/\/dgvgifts.com\/lt\/wp-json\/wp\/v2\/product\/2018\/revisions"}],"predecessor-version":[{"id":2859,"href":"https:\/\/dgvgifts.com\/lt\/wp-json\/wp\/v2\/product\/2018\/revisions\/2859"}],"wp:featuredmedia":[{"embeddable":true,"href":"https:\/\/dgvgifts.com\/lt\/wp-json\/wp\/v2\/media\/1996"}],"wp:attachment":[{"href":"https:\/\/dgvgifts.com\/lt\/wp-json\/wp\/v2\/media?parent=2018"}],"wp:term":[{"taxonomy":"product_brand","embeddable":true,"href":"https:\/\/dgvgifts.com\/lt\/wp-json\/wp\/v2\/product_brand?post=2018"},{"taxonomy":"product_cat","embeddable":true,"href":"https:\/\/dgvgifts.com\/lt\/wp-json\/wp\/v2\/product_cat?post=2018"},{"taxonomy":"product_tag","embeddable":true,"href":"https:\/\/dgvgifts.com\/lt\/wp-json\/wp\/v2\/product_tag?post=2018"}],"curies":[{"name":"wp","href":"https:\/\/api.w.org\/{rel}","templated":true}]}}