{"id":2041,"date":"2023-02-24T10:07:17","date_gmt":"2023-02-24T10:07:17","guid":{"rendered":"https:\/\/dgvgifts.com\/index.php\/product\/vinga-lean-thermo-bottle\/"},"modified":"2024-11-08T10:09:22","modified_gmt":"2024-11-08T10:09:22","slug":"vinga-lean-thermo-bottle","status":"publish","type":"product","link":"https:\/\/dgvgifts.com\/lt\/produktas\/vinga-lean-thermo-bottle\/","title":{"rendered":"VINGA Lean Thermo gertuv\u0117"},"content":{"rendered":"<p>Ner\u016bdijan\u010dio plieno geryuv\u0117, su patogiu laikikliu integruotu dangtelyje.  D\u0117l savo formos jis tinka daugumai puodeli\u0173 laikikli\u0173. Tinka tiek kar\u0161tiems, tiek \u0161altiems g\u0117rimams, ilgai i\u0161laiko nepakitusi\u0105 temperat\u016br\u0105. Lengvai valomas.<\/p>","protected":false},"excerpt":{"rendered":"<p>Ner\u016bdijan\u010dio plieno geryuv\u0117, su patogiu laikikliu integruotu dangtelyje.  D\u0117l savo formos jis tinka daugumai puodeli\u0173 laikikli\u0173. Tinka tiek kar\u0161tiems, tiek \u0161altiems g\u0117rimams, ilgai i\u0161laiko nepakitusi\u0105 temperat\u016br\u0105. Lengvai valomas.<\/p>","protected":false},"featured_media":2019,"comment_status":"open","ping_status":"closed","template":"","meta":[],"product_brand":[],"product_cat":[51,28],"product_tag":[],"class_list":{"0":"post-2041","1":"product","2":"type-product","3":"status-publish","4":"has-post-thumbnail","6":"product_cat-water-flasks","7":"product_cat-water-flasks-and-mugs","9":"first","10":"instock","11":"shipping-taxable","12":"purchasable","13":"product-type-simple"},"_links":{"self":[{"href":"https:\/\/dgvgifts.com\/lt\/wp-json\/wp\/v2\/product\/2041","targetHints":{"allow":["GET"]}}],"collection":[{"href":"https:\/\/dgvgifts.com\/lt\/wp-json\/wp\/v2\/product"}],"about":[{"href":"https:\/\/dgvgifts.com\/lt\/wp-json\/wp\/v2\/types\/product"}],"replies":[{"embeddable":true,"href":"https:\/\/dgvgifts.com\/lt\/wp-json\/wp\/v2\/comments?post=2041"}],"version-history":[{"count":1,"href":"https:\/\/dgvgifts.com\/lt\/wp-json\/wp\/v2\/product\/2041\/revisions"}],"predecessor-version":[{"id":2858,"href":"https:\/\/dgvgifts.com\/lt\/wp-json\/wp\/v2\/product\/2041\/revisions\/2858"}],"wp:featuredmedia":[{"embeddable":true,"href":"https:\/\/dgvgifts.com\/lt\/wp-json\/wp\/v2\/media\/2019"}],"wp:attachment":[{"href":"https:\/\/dgvgifts.com\/lt\/wp-json\/wp\/v2\/media?parent=2041"}],"wp:term":[{"taxonomy":"product_brand","embeddable":true,"href":"https:\/\/dgvgifts.com\/lt\/wp-json\/wp\/v2\/product_brand?post=2041"},{"taxonomy":"product_cat","embeddable":true,"href":"https:\/\/dgvgifts.com\/lt\/wp-json\/wp\/v2\/product_cat?post=2041"},{"taxonomy":"product_tag","embeddable":true,"href":"https:\/\/dgvgifts.com\/lt\/wp-json\/wp\/v2\/product_tag?post=2041"}],"curies":[{"name":"wp","href":"https:\/\/api.w.org\/{rel}","templated":true}]}}