{"id":2050,"date":"2023-02-24T10:07:24","date_gmt":"2023-02-24T10:07:24","guid":{"rendered":"https:\/\/dgvgifts.com\/index.php\/product\/vinga-lean-glass-water-bottle\/"},"modified":"2024-11-08T10:08:54","modified_gmt":"2024-11-08T10:08:54","slug":"vinga-lean-glass-water-bottle","status":"publish","type":"product","link":"https:\/\/dgvgifts.com\/lt\/produktas\/vinga-lean-glass-water-bottle\/","title":{"rendered":"VINGA Lean stiklin\u0117 vandens gertuv\u0117"},"content":{"rendered":"<p>Tvarkingas stiklinis vandens buteliukas su silikonine \u012fmaute. Silikonin\u0117 \u012fmaut\u0117 maloniai priglunda prie rankos ir apsaugo butel\u012f nuo i\u0161orini\u0173 sm\u016bgi\u0173. Paprastas ir stilingas dizainas. Butelis pagamintas i\u0161 borosilikatinio stiklo, kuris yra atsparesnis temperat\u016bros sm\u016bgiams nei paprastas stiklas. Borosilikatas yra labai patvari ir kokybi\u0161ka med\u017eiaga, ilgaam\u017e\u0117 ir atlaikanti daugum\u0105 sm\u016bgi\u0173.<\/p>","protected":false},"excerpt":{"rendered":"<p>A neat waterbottle in glass with a silicon sleeve. The sleeve gives you a nice grip and protects the bottle from outer impact. Simple and stylish design. The bottle is made with borosilicate glass, a type of glass that is more resistant to thermal shock than ordinary glass. Borosilicate is a highly durable and qualitative [&hellip;]<\/p>","protected":false},"featured_media":2042,"comment_status":"open","ping_status":"closed","template":"","meta":[],"product_brand":[],"product_cat":[51,28],"product_tag":[],"class_list":{"0":"post-2050","1":"product","2":"type-product","3":"status-publish","4":"has-post-thumbnail","6":"product_cat-water-flasks","7":"product_cat-water-flasks-and-mugs","9":"first","10":"instock","11":"shipping-taxable","12":"purchasable","13":"product-type-simple"},"_links":{"self":[{"href":"https:\/\/dgvgifts.com\/lt\/wp-json\/wp\/v2\/product\/2050","targetHints":{"allow":["GET"]}}],"collection":[{"href":"https:\/\/dgvgifts.com\/lt\/wp-json\/wp\/v2\/product"}],"about":[{"href":"https:\/\/dgvgifts.com\/lt\/wp-json\/wp\/v2\/types\/product"}],"replies":[{"embeddable":true,"href":"https:\/\/dgvgifts.com\/lt\/wp-json\/wp\/v2\/comments?post=2050"}],"version-history":[{"count":1,"href":"https:\/\/dgvgifts.com\/lt\/wp-json\/wp\/v2\/product\/2050\/revisions"}],"predecessor-version":[{"id":2857,"href":"https:\/\/dgvgifts.com\/lt\/wp-json\/wp\/v2\/product\/2050\/revisions\/2857"}],"wp:featuredmedia":[{"embeddable":true,"href":"https:\/\/dgvgifts.com\/lt\/wp-json\/wp\/v2\/media\/2042"}],"wp:attachment":[{"href":"https:\/\/dgvgifts.com\/lt\/wp-json\/wp\/v2\/media?parent=2050"}],"wp:term":[{"taxonomy":"product_brand","embeddable":true,"href":"https:\/\/dgvgifts.com\/lt\/wp-json\/wp\/v2\/product_brand?post=2050"},{"taxonomy":"product_cat","embeddable":true,"href":"https:\/\/dgvgifts.com\/lt\/wp-json\/wp\/v2\/product_cat?post=2050"},{"taxonomy":"product_tag","embeddable":true,"href":"https:\/\/dgvgifts.com\/lt\/wp-json\/wp\/v2\/product_tag?post=2050"}],"curies":[{"name":"wp","href":"https:\/\/api.w.org\/{rel}","templated":true}]}}