{"id":2058,"date":"2023-02-24T10:07:31","date_gmt":"2023-02-24T10:07:31","guid":{"rendered":"https:\/\/dgvgifts.com\/index.php\/product\/vinga-bosler-canvas-backpack\/"},"modified":"2024-11-08T09:29:55","modified_gmt":"2024-11-08T09:29:55","slug":"vinga-bosler-canvas-backpack","status":"publish","type":"product","link":"https:\/\/dgvgifts.com\/lt\/produktas\/vinga-bosler-canvas-backpack\/","title":{"rendered":"VINGA Bosler drobin\u0117 kuprin\u0117"},"content":{"rendered":"<p>Stilingas krep\u0161ys pagamintas i\u0161 40 % perdirbto poliesterio ir 60 % perdirbtos medviln\u0117s. Pamink\u0161tintas kompiuterio d\u0117klas tinka ne\u0161iojamiesiems kompiuteriams iki 15\u2033. D\u0117l auk\u0161tos kokyb\u0117s med\u017eiag\u0173 ir klasikinio stiliaus \u0161is eleganti\u0161kas ir prakti\u0161kas krep\u0161ys jums tarnaus ilgus metus. D\u0117l eleganti\u0161ko ir universalaus dizaino \u0161is krep\u0161ys yra puikus pasirinkimas.<\/p>","protected":false},"excerpt":{"rendered":"<p>A stylish bag made of 40 % recycled polyester and 60 % recycled cotton. Padded computer case suitable for laptops up to 15&#8243;. This smart, practical bag will serve you well for years to come, thanks to the high-quality materials and classic style. The sleek and versatile design makes this bag the perfect choice for [&hellip;]<\/p>","protected":false},"featured_media":2051,"comment_status":"open","ping_status":"closed","template":"","meta":[],"product_brand":[],"product_cat":[54,33],"product_tag":[],"class_list":{"0":"post-2058","1":"product","2":"type-product","3":"status-publish","4":"has-post-thumbnail","6":"product_cat-kuprines","7":"product_cat-pirkiniams-ir-kelionems","9":"first","10":"instock","11":"shipping-taxable","12":"purchasable","13":"product-type-simple"},"_links":{"self":[{"href":"https:\/\/dgvgifts.com\/lt\/wp-json\/wp\/v2\/product\/2058","targetHints":{"allow":["GET"]}}],"collection":[{"href":"https:\/\/dgvgifts.com\/lt\/wp-json\/wp\/v2\/product"}],"about":[{"href":"https:\/\/dgvgifts.com\/lt\/wp-json\/wp\/v2\/types\/product"}],"replies":[{"embeddable":true,"href":"https:\/\/dgvgifts.com\/lt\/wp-json\/wp\/v2\/comments?post=2058"}],"version-history":[{"count":1,"href":"https:\/\/dgvgifts.com\/lt\/wp-json\/wp\/v2\/product\/2058\/revisions"}],"predecessor-version":[{"id":2854,"href":"https:\/\/dgvgifts.com\/lt\/wp-json\/wp\/v2\/product\/2058\/revisions\/2854"}],"wp:featuredmedia":[{"embeddable":true,"href":"https:\/\/dgvgifts.com\/lt\/wp-json\/wp\/v2\/media\/2051"}],"wp:attachment":[{"href":"https:\/\/dgvgifts.com\/lt\/wp-json\/wp\/v2\/media?parent=2058"}],"wp:term":[{"taxonomy":"product_brand","embeddable":true,"href":"https:\/\/dgvgifts.com\/lt\/wp-json\/wp\/v2\/product_brand?post=2058"},{"taxonomy":"product_cat","embeddable":true,"href":"https:\/\/dgvgifts.com\/lt\/wp-json\/wp\/v2\/product_cat?post=2058"},{"taxonomy":"product_tag","embeddable":true,"href":"https:\/\/dgvgifts.com\/lt\/wp-json\/wp\/v2\/product_tag?post=2058"}],"curies":[{"name":"wp","href":"https:\/\/api.w.org\/{rel}","templated":true}]}}