{"id":2066,"date":"2023-02-24T10:07:38","date_gmt":"2023-02-24T10:07:38","guid":{"rendered":"https:\/\/dgvgifts.com\/index.php\/product\/vinga-bosler-canvas-dufflebag\/"},"modified":"2024-11-08T10:43:00","modified_gmt":"2024-11-08T10:43:00","slug":"vinga-bosler-canvas-dufflebag","status":"publish","type":"product","link":"https:\/\/dgvgifts.com\/lt\/produktas\/vinga-bosler-canvas-dufflebag\/","title":{"rendered":"VINGA Bosler drobinis krep\u0161ys"},"content":{"rendered":"<p>\u0160is puikus kelioninis krep\u0161ys, pagamintas i\u0161 40 % perdirbto poliesterio ir 60 % perdirbtos medviln\u0117s, jums tarnaus daugel\u012f met\u0173. \u012e \u0161\u012f eleganti\u0161ko ir universalaus dizaino krep\u0161\u012f, puikiai tinkant\u012f savaitgaliui ar trumpoms atostogoms, tilps viskas, ko reikia. Reguliuojamas ir nuimamas dir\u017eas per pet\u012f, suteikia papildomo patogumo - idealus daikt\u0173 krep\u0161ys, kad ir kokie b\u016bt\u0173 j\u016bs\u0173 planai ar kelion\u0117s tikslas!<\/p>","protected":false},"excerpt":{"rendered":"<p>This smart travel bag, made of 40 % recycled polyester and 60 % recycled cotton, will serve you well for many years to come. Fit everything you need into this sleek and versatile design, perfect for the weekend away or a short break. The adjustable and removable shoulder strap provides extra comfort and flexibility, the [&hellip;]<\/p>","protected":false},"featured_media":2059,"comment_status":"open","ping_status":"closed","template":"","meta":[],"product_brand":[],"product_cat":[54,33],"product_tag":[],"class_list":{"0":"post-2066","1":"product","2":"type-product","3":"status-publish","4":"has-post-thumbnail","6":"product_cat-kuprines","7":"product_cat-pirkiniams-ir-kelionems","9":"first","10":"instock","11":"shipping-taxable","12":"purchasable","13":"product-type-simple"},"_links":{"self":[{"href":"https:\/\/dgvgifts.com\/lt\/wp-json\/wp\/v2\/product\/2066","targetHints":{"allow":["GET"]}}],"collection":[{"href":"https:\/\/dgvgifts.com\/lt\/wp-json\/wp\/v2\/product"}],"about":[{"href":"https:\/\/dgvgifts.com\/lt\/wp-json\/wp\/v2\/types\/product"}],"replies":[{"embeddable":true,"href":"https:\/\/dgvgifts.com\/lt\/wp-json\/wp\/v2\/comments?post=2066"}],"version-history":[{"count":1,"href":"https:\/\/dgvgifts.com\/lt\/wp-json\/wp\/v2\/product\/2066\/revisions"}],"predecessor-version":[{"id":2853,"href":"https:\/\/dgvgifts.com\/lt\/wp-json\/wp\/v2\/product\/2066\/revisions\/2853"}],"wp:featuredmedia":[{"embeddable":true,"href":"https:\/\/dgvgifts.com\/lt\/wp-json\/wp\/v2\/media\/2059"}],"wp:attachment":[{"href":"https:\/\/dgvgifts.com\/lt\/wp-json\/wp\/v2\/media?parent=2066"}],"wp:term":[{"taxonomy":"product_brand","embeddable":true,"href":"https:\/\/dgvgifts.com\/lt\/wp-json\/wp\/v2\/product_brand?post=2066"},{"taxonomy":"product_cat","embeddable":true,"href":"https:\/\/dgvgifts.com\/lt\/wp-json\/wp\/v2\/product_cat?post=2066"},{"taxonomy":"product_tag","embeddable":true,"href":"https:\/\/dgvgifts.com\/lt\/wp-json\/wp\/v2\/product_tag?post=2066"}],"curies":[{"name":"wp","href":"https:\/\/api.w.org\/{rel}","templated":true}]}}