{"id":3024,"date":"2024-11-08T16:26:39","date_gmt":"2024-11-08T16:26:39","guid":{"rendered":"https:\/\/dgvgifts.com\/?post_type=product&#038;p=3024"},"modified":"2024-11-08T16:27:54","modified_gmt":"2024-11-08T16:27:54","slug":"stanley-mug-the-iceflow-flip-straw-tumbler-0-89l-frost","status":"publish","type":"product","link":"https:\/\/dgvgifts.com\/lt\/produktas\/stanley-mug-the-iceflow-flip-straw-tumbler-0-89l-frost\/","title":{"rendered":"STANLEY MUG The IceFlow\u2122 Flip Straw Tumbler 0.89L &#8211; Frost"},"content":{"rendered":"<p>\u201eStanley\u201c prek\u0117s \u017eenklo puodelis su patogiu \u0161iaudeliu. Puodelio sieneli\u0173 vakuumas u\u017etikrina, kad g\u0117rimas i\u0161liks \u0161altas iki 12 h, kar\u0161tas iki 24 h. Puikus puodelis aktyviai ir stilingai leid\u017eiantiems laik\u0105.<\/p>","protected":false},"excerpt":{"rendered":"<p>\u201eStanley\u201c prek\u0117s \u017eenklo puodelis su patogiu \u0161iaudeliu. Puodelio sieneli\u0173 vakuumas u\u017etikrina, kad g\u0117rimas i\u0161liks \u0161altas iki 12 h, kar\u0161tas iki 24 h. Puikus puodelis aktyviai ir stilingai leid\u017eiantiems laik\u0105.<\/p>","protected":false},"featured_media":3025,"comment_status":"open","ping_status":"closed","template":"","meta":[],"product_brand":[],"product_cat":[72],"product_tag":[74,73,75],"class_list":{"0":"post-3024","1":"product","2":"type-product","3":"status-publish","4":"has-post-thumbnail","6":"product_cat-stanley-produktai","7":"product_tag-mug","8":"product_tag-stanley","9":"product_tag-stanley-mug","11":"first","12":"instock","13":"shipping-taxable","14":"product-type-simple"},"_links":{"self":[{"href":"https:\/\/dgvgifts.com\/lt\/wp-json\/wp\/v2\/product\/3024","targetHints":{"allow":["GET"]}}],"collection":[{"href":"https:\/\/dgvgifts.com\/lt\/wp-json\/wp\/v2\/product"}],"about":[{"href":"https:\/\/dgvgifts.com\/lt\/wp-json\/wp\/v2\/types\/product"}],"replies":[{"embeddable":true,"href":"https:\/\/dgvgifts.com\/lt\/wp-json\/wp\/v2\/comments?post=3024"}],"version-history":[{"count":1,"href":"https:\/\/dgvgifts.com\/lt\/wp-json\/wp\/v2\/product\/3024\/revisions"}],"predecessor-version":[{"id":3029,"href":"https:\/\/dgvgifts.com\/lt\/wp-json\/wp\/v2\/product\/3024\/revisions\/3029"}],"wp:featuredmedia":[{"embeddable":true,"href":"https:\/\/dgvgifts.com\/lt\/wp-json\/wp\/v2\/media\/3025"}],"wp:attachment":[{"href":"https:\/\/dgvgifts.com\/lt\/wp-json\/wp\/v2\/media?parent=3024"}],"wp:term":[{"taxonomy":"product_brand","embeddable":true,"href":"https:\/\/dgvgifts.com\/lt\/wp-json\/wp\/v2\/product_brand?post=3024"},{"taxonomy":"product_cat","embeddable":true,"href":"https:\/\/dgvgifts.com\/lt\/wp-json\/wp\/v2\/product_cat?post=3024"},{"taxonomy":"product_tag","embeddable":true,"href":"https:\/\/dgvgifts.com\/lt\/wp-json\/wp\/v2\/product_tag?post=3024"}],"curies":[{"name":"wp","href":"https:\/\/api.w.org\/{rel}","templated":true}]}}