{"id":3079,"date":"2024-11-08T17:03:32","date_gmt":"2024-11-08T17:03:32","guid":{"rendered":"https:\/\/dgvgifts.com\/?post_type=product&#038;p=3079"},"modified":"2024-11-08T17:04:26","modified_gmt":"2024-11-08T17:04:26","slug":"the-aerolight-transit-mug-0-47l-hammertone-green","status":"publish","type":"product","link":"https:\/\/dgvgifts.com\/lt\/produktas\/the-aerolight-transit-mug-0-47l-hammertone-green\/","title":{"rendered":"THE AEROLIGHT\u2122 Transit Mug | 0.47L &#8211; Hammertone Green"},"content":{"rendered":"<p>\u201eAerolight\u2122 Transit\u201c puodelis sukurtas taip, kad b\u016bt\u0173 lengvas, ta\u010diau i\u0161laikyt\u0173 norim\u0105 g\u0117rimo temperat\u016br\u0105. Kar\u0161tus g\u0117rimus i\u0161laiko 6 valandas, o \u0161altus &#8211; 8 valandas. Jei ryte va\u017eiuojate \u012f darb\u0105 ar vakare leid\u017eiat\u0117s \u012f \u017eyg\u012f, \u0161is puodelis \u00a0pad\u0117s jums bet kokiu oru. Puodelis nepraleid\u017eia skys\u010dio, tad patogu j\u012f ne\u0161tis su savimi kuprin\u0117je.<\/p>","protected":false},"excerpt":{"rendered":"<p>\u201eAerolight\u2122 Transit\u201c puodelis sukurtas taip, kad b\u016bt\u0173 lengvas, ta\u010diau i\u0161laikyt\u0173 norim\u0105 g\u0117rimo temperat\u016br\u0105. Kar\u0161tus g\u0117rimus i\u0161laiko 6 valandas, o \u0161altus &#8211; 8 valandas. Jei ryte va\u017eiuojate \u012f darb\u0105 ar vakare leid\u017eiat\u0117s \u012f \u017eyg\u012f, \u0161is puodelis \u00a0pad\u0117s jums bet kokiu oru. Puodelis nepraleid\u017eia skys\u010dio, tad patogu j\u012f ne\u0161tis su savimi kuprin\u0117je.<\/p>","protected":false},"featured_media":3080,"comment_status":"open","ping_status":"closed","template":"","meta":[],"product_brand":[],"product_cat":[72],"product_tag":[],"class_list":{"0":"post-3079","1":"product","2":"type-product","3":"status-publish","4":"has-post-thumbnail","6":"product_cat-stanley-produktai","8":"first","9":"instock","10":"shipping-taxable","11":"product-type-simple"},"_links":{"self":[{"href":"https:\/\/dgvgifts.com\/lt\/wp-json\/wp\/v2\/product\/3079","targetHints":{"allow":["GET"]}}],"collection":[{"href":"https:\/\/dgvgifts.com\/lt\/wp-json\/wp\/v2\/product"}],"about":[{"href":"https:\/\/dgvgifts.com\/lt\/wp-json\/wp\/v2\/types\/product"}],"replies":[{"embeddable":true,"href":"https:\/\/dgvgifts.com\/lt\/wp-json\/wp\/v2\/comments?post=3079"}],"version-history":[{"count":1,"href":"https:\/\/dgvgifts.com\/lt\/wp-json\/wp\/v2\/product\/3079\/revisions"}],"predecessor-version":[{"id":3083,"href":"https:\/\/dgvgifts.com\/lt\/wp-json\/wp\/v2\/product\/3079\/revisions\/3083"}],"wp:featuredmedia":[{"embeddable":true,"href":"https:\/\/dgvgifts.com\/lt\/wp-json\/wp\/v2\/media\/3080"}],"wp:attachment":[{"href":"https:\/\/dgvgifts.com\/lt\/wp-json\/wp\/v2\/media?parent=3079"}],"wp:term":[{"taxonomy":"product_brand","embeddable":true,"href":"https:\/\/dgvgifts.com\/lt\/wp-json\/wp\/v2\/product_brand?post=3079"},{"taxonomy":"product_cat","embeddable":true,"href":"https:\/\/dgvgifts.com\/lt\/wp-json\/wp\/v2\/product_cat?post=3079"},{"taxonomy":"product_tag","embeddable":true,"href":"https:\/\/dgvgifts.com\/lt\/wp-json\/wp\/v2\/product_tag?post=3079"}],"curies":[{"name":"wp","href":"https:\/\/api.w.org\/{rel}","templated":true}]}}