{"id":420,"date":"2023-02-24T09:35:45","date_gmt":"2023-02-24T09:35:45","guid":{"rendered":"https:\/\/dgvgifts.com\/index.php\/product\/rcs-recycled-plastic-grip-3m-16mm-tape\/"},"modified":"2024-11-08T10:36:11","modified_gmt":"2024-11-08T10:36:11","slug":"rcs-recycled-plastic-grip-3m-16mm-tape","status":"publish","type":"product","link":"https:\/\/dgvgifts.com\/lt\/produktas\/rcs-recycled-plastic-grip-3m-16mm-tape\/","title":{"rendered":"Perdirbto plastiko 3M\/16 mm metras"},"content":{"rendered":"<p>3 metr\u0173 ilgio metras pagaminta i\u0161 RCS (Recycled Claim Standard) sertifikuoto perdirbto ABS.  Su prabangia TRP gumine rankena, u\u017etikrinan\u010dia papildom\u0105 kontrol\u0119.  Su atleidimo \/ laikymo mygtuku.  Su poliesterio dir\u017eeliu ant rie\u0161o. Supakuota \u012f d\u0117\u017eut\u0119.<\/p>","protected":false},"excerpt":{"rendered":"<p>3 metre tape made with RCS (Recycled Claim Standard) certified recycled ABS. Total recycled content: 15% based on total item weight. RCS certification ensures a completely certified supply chain of the recycled materials. With deluxe TRP rubber grip for extra control. With release\/hold button. With 16mm single sided tape, yellow with black carbon steel hook [&hellip;]<\/p>","protected":false},"featured_media":411,"comment_status":"open","ping_status":"closed","template":"","meta":[],"product_brand":[],"product_cat":[66,37],"product_tag":[],"class_list":{"0":"post-420","1":"product","2":"type-product","3":"status-publish","4":"has-post-thumbnail","6":"product_cat-irankiai-ir-zibintuveliai","7":"product_cat-namams","9":"first","10":"instock","11":"shipping-taxable","12":"purchasable","13":"product-type-simple"},"_links":{"self":[{"href":"https:\/\/dgvgifts.com\/lt\/wp-json\/wp\/v2\/product\/420","targetHints":{"allow":["GET"]}}],"collection":[{"href":"https:\/\/dgvgifts.com\/lt\/wp-json\/wp\/v2\/product"}],"about":[{"href":"https:\/\/dgvgifts.com\/lt\/wp-json\/wp\/v2\/types\/product"}],"replies":[{"embeddable":true,"href":"https:\/\/dgvgifts.com\/lt\/wp-json\/wp\/v2\/comments?post=420"}],"version-history":[{"count":1,"href":"https:\/\/dgvgifts.com\/lt\/wp-json\/wp\/v2\/product\/420\/revisions"}],"predecessor-version":[{"id":2981,"href":"https:\/\/dgvgifts.com\/lt\/wp-json\/wp\/v2\/product\/420\/revisions\/2981"}],"wp:featuredmedia":[{"embeddable":true,"href":"https:\/\/dgvgifts.com\/lt\/wp-json\/wp\/v2\/media\/411"}],"wp:attachment":[{"href":"https:\/\/dgvgifts.com\/lt\/wp-json\/wp\/v2\/media?parent=420"}],"wp:term":[{"taxonomy":"product_brand","embeddable":true,"href":"https:\/\/dgvgifts.com\/lt\/wp-json\/wp\/v2\/product_brand?post=420"},{"taxonomy":"product_cat","embeddable":true,"href":"https:\/\/dgvgifts.com\/lt\/wp-json\/wp\/v2\/product_cat?post=420"},{"taxonomy":"product_tag","embeddable":true,"href":"https:\/\/dgvgifts.com\/lt\/wp-json\/wp\/v2\/product_tag?post=420"}],"curies":[{"name":"wp","href":"https:\/\/api.w.org\/{rel}","templated":true}]}}