{"id":431,"date":"2023-02-24T09:35:53","date_gmt":"2023-02-24T09:35:53","guid":{"rendered":"https:\/\/dgvgifts.com\/index.php\/product\/rcs-recycled-plastic-fsc-bamboo-tape-5m-19mm\/"},"modified":"2024-11-08T10:35:57","modified_gmt":"2024-11-08T10:35:57","slug":"rcs-recycled-plastic-fsc-bamboo-tape-5m-19mm","status":"publish","type":"product","link":"https:\/\/dgvgifts.com\/lt\/produktas\/rcs-recycled-plastic-fsc-bamboo-tape-5m-19mm\/","title":{"rendered":"Perdirbto plastiko ir bambuko metras 5M\/19mm"},"content":{"rendered":"<p>5 metr\u0173 ilgio metras pagaminta i\u0161 RCS (Recycled Claim Standard) sertifikuoto perdirbto ABS. Korpusas su prabangia mink\u0161ta lietimui jautria apdaila.  Su atleidimo \/ u\u017erakto mygtuku. Su poliesterio dir\u017eeliu ant rie\u0161o. Supakuota \u012f d\u0117\u017eut\u0119.<\/p>","protected":false},"excerpt":{"rendered":"<p>5 metre tape made with RCS (Recycled Claim Standard) certified recycled ABS. Total recycled content: 11% based on total item weight. RCS certification ensures a completely certified supply chain of the recycled materials. The bamboo plate is made from 100% FSC bamboo. Casing with luxury soft touch finish. With release\/lock button. With 19mm single sided [&hellip;]<\/p>","protected":false},"featured_media":421,"comment_status":"open","ping_status":"closed","template":"","meta":[],"product_brand":[],"product_cat":[66,37],"product_tag":[],"class_list":{"0":"post-431","1":"product","2":"type-product","3":"status-publish","4":"has-post-thumbnail","6":"product_cat-irankiai-ir-zibintuveliai","7":"product_cat-namams","9":"first","10":"instock","11":"shipping-taxable","12":"purchasable","13":"product-type-simple"},"_links":{"self":[{"href":"https:\/\/dgvgifts.com\/lt\/wp-json\/wp\/v2\/product\/431","targetHints":{"allow":["GET"]}}],"collection":[{"href":"https:\/\/dgvgifts.com\/lt\/wp-json\/wp\/v2\/product"}],"about":[{"href":"https:\/\/dgvgifts.com\/lt\/wp-json\/wp\/v2\/types\/product"}],"replies":[{"embeddable":true,"href":"https:\/\/dgvgifts.com\/lt\/wp-json\/wp\/v2\/comments?post=431"}],"version-history":[{"count":1,"href":"https:\/\/dgvgifts.com\/lt\/wp-json\/wp\/v2\/product\/431\/revisions"}],"predecessor-version":[{"id":2980,"href":"https:\/\/dgvgifts.com\/lt\/wp-json\/wp\/v2\/product\/431\/revisions\/2980"}],"wp:featuredmedia":[{"embeddable":true,"href":"https:\/\/dgvgifts.com\/lt\/wp-json\/wp\/v2\/media\/421"}],"wp:attachment":[{"href":"https:\/\/dgvgifts.com\/lt\/wp-json\/wp\/v2\/media?parent=431"}],"wp:term":[{"taxonomy":"product_brand","embeddable":true,"href":"https:\/\/dgvgifts.com\/lt\/wp-json\/wp\/v2\/product_brand?post=431"},{"taxonomy":"product_cat","embeddable":true,"href":"https:\/\/dgvgifts.com\/lt\/wp-json\/wp\/v2\/product_cat?post=431"},{"taxonomy":"product_tag","embeddable":true,"href":"https:\/\/dgvgifts.com\/lt\/wp-json\/wp\/v2\/product_tag?post=431"}],"curies":[{"name":"wp","href":"https:\/\/api.w.org\/{rel}","templated":true}]}}