{"id":446,"date":"2023-02-24T09:36:05","date_gmt":"2023-02-24T09:36:05","guid":{"rendered":"https:\/\/dgvgifts.com\/index.php\/product\/gear-x-5m-measuring-tape-with-slow-fast-retract-function\/"},"modified":"2024-11-08T10:35:48","modified_gmt":"2024-11-08T10:35:48","slug":"gear-x-5m-measuring-tape-with-slow-fast-retract-function","status":"publish","type":"product","link":"https:\/\/dgvgifts.com\/lt\/produktas\/gear-x-5m-measuring-tape-with-slow-fast-retract-function\/","title":{"rendered":"\"Gear X 5M\" matavimo juosta su l\u0117to \/ greito \u012ftraukimo funkcija"},"content":{"rendered":"<p>Matuokite stilingai naudodami \u0161i\u0105 auk\u0161tos kokyb\u0117s 5M\/19 mm matavimo juost\u0105. Metras supakuotas auk\u0161\u010diausios kokyb\u0117s sm\u016bgiams atspariame d\u0117kle su u\u017erakto mygtuku ir dir\u017eo spaustuku. Skirtingai nuo daugumos kit\u0173 metr\u0173, mrtras turi du \u012ftraukimo grei\u010dius. Patvari juoda anglies gele\u017et\u0117 yra atspari eksploatacin\u0117ms savyb\u0117ms, o jos gale yra du stipr\u016bs magnetai.  Supakuota prabangioje dovan\u0173 d\u0117\u017eut\u0117je.<\/p>","protected":false},"excerpt":{"rendered":"<p>Measure in style with this high quality 5M\/19mm measuring tape. The tape comes in a premium shock- proof case with lock button and belt clip. The tape offers two retracting speeds unlike most other tapes. The durable black carbon blade is performance proof and comes with two strong magnets at the end. The printing on [&hellip;]<\/p>","protected":false},"featured_media":432,"comment_status":"open","ping_status":"closed","template":"","meta":[],"product_brand":[],"product_cat":[66,37],"product_tag":[],"class_list":{"0":"post-446","1":"product","2":"type-product","3":"status-publish","4":"has-post-thumbnail","6":"product_cat-irankiai-ir-zibintuveliai","7":"product_cat-namams","9":"first","10":"instock","11":"shipping-taxable","12":"purchasable","13":"product-type-simple"},"_links":{"self":[{"href":"https:\/\/dgvgifts.com\/lt\/wp-json\/wp\/v2\/product\/446","targetHints":{"allow":["GET"]}}],"collection":[{"href":"https:\/\/dgvgifts.com\/lt\/wp-json\/wp\/v2\/product"}],"about":[{"href":"https:\/\/dgvgifts.com\/lt\/wp-json\/wp\/v2\/types\/product"}],"replies":[{"embeddable":true,"href":"https:\/\/dgvgifts.com\/lt\/wp-json\/wp\/v2\/comments?post=446"}],"version-history":[{"count":1,"href":"https:\/\/dgvgifts.com\/lt\/wp-json\/wp\/v2\/product\/446\/revisions"}],"predecessor-version":[{"id":2979,"href":"https:\/\/dgvgifts.com\/lt\/wp-json\/wp\/v2\/product\/446\/revisions\/2979"}],"wp:featuredmedia":[{"embeddable":true,"href":"https:\/\/dgvgifts.com\/lt\/wp-json\/wp\/v2\/media\/432"}],"wp:attachment":[{"href":"https:\/\/dgvgifts.com\/lt\/wp-json\/wp\/v2\/media?parent=446"}],"wp:term":[{"taxonomy":"product_brand","embeddable":true,"href":"https:\/\/dgvgifts.com\/lt\/wp-json\/wp\/v2\/product_brand?post=446"},{"taxonomy":"product_cat","embeddable":true,"href":"https:\/\/dgvgifts.com\/lt\/wp-json\/wp\/v2\/product_cat?post=446"},{"taxonomy":"product_tag","embeddable":true,"href":"https:\/\/dgvgifts.com\/lt\/wp-json\/wp\/v2\/product_tag?post=446"}],"curies":[{"name":"wp","href":"https:\/\/api.w.org\/{rel}","templated":true}]}}