{"id":464,"date":"2023-02-24T09:36:18","date_gmt":"2023-02-24T09:36:18","guid":{"rendered":"https:\/\/dgvgifts.com\/index.php\/product\/gear-x-measuring-5m-tape-with-30m-laser\/"},"modified":"2024-11-08T10:35:39","modified_gmt":"2024-11-08T10:35:39","slug":"gear-x-measuring-5m-tape-with-30m-laser","status":"publish","type":"product","link":"https:\/\/dgvgifts.com\/lt\/produktas\/gear-x-measuring-5m-tape-with-30m-laser\/","title":{"rendered":"\"Gear X\" matavimo 5M juosta su 30M lazeriu"},"content":{"rendered":"<p>Matavimo \u012frankis, kuriuo gal\u0117site matuoti net tik standartiniu b\u016bdu, bet ir lazeriniu. Sm\u016bgiams atspariame guma dengtame korpuse integruotas 30 m atstumo matuoklis. Metras taip pat turi patvari\u0105 5M anglies matavimo juost\u0105. Juosta yra juodos spalvos ir dvipus\u0117. Su integruotu ekranu, kad gal\u0117tum\u0117te perskaityti informacij\u0105, ir integruotu pakartotinai \u012fkraunamu akumuliatoriumi. Supakuotas \u012f prabangi\u0105 dovan\u0173 d\u0117\u017eut\u0119.<\/p>","protected":false},"excerpt":{"rendered":"<p>Combine function, durability and performance with this premium laser measuring tape. The shock proof rubberised casing has an integrated 30M laser distance measurer. It also has a durable 5M carbon tape. The blade is black coloured and double sided. With integrated LCD screen to quickly read the details and integrated re-chargeable battery. Packed in luxury [&hellip;]<\/p>","protected":false},"featured_media":447,"comment_status":"open","ping_status":"closed","template":"","meta":[],"product_brand":[],"product_cat":[66,37],"product_tag":[],"class_list":{"0":"post-464","1":"product","2":"type-product","3":"status-publish","4":"has-post-thumbnail","6":"product_cat-irankiai-ir-zibintuveliai","7":"product_cat-namams","9":"first","10":"instock","11":"shipping-taxable","12":"purchasable","13":"product-type-simple"},"_links":{"self":[{"href":"https:\/\/dgvgifts.com\/lt\/wp-json\/wp\/v2\/product\/464","targetHints":{"allow":["GET"]}}],"collection":[{"href":"https:\/\/dgvgifts.com\/lt\/wp-json\/wp\/v2\/product"}],"about":[{"href":"https:\/\/dgvgifts.com\/lt\/wp-json\/wp\/v2\/types\/product"}],"replies":[{"embeddable":true,"href":"https:\/\/dgvgifts.com\/lt\/wp-json\/wp\/v2\/comments?post=464"}],"version-history":[{"count":1,"href":"https:\/\/dgvgifts.com\/lt\/wp-json\/wp\/v2\/product\/464\/revisions"}],"predecessor-version":[{"id":2978,"href":"https:\/\/dgvgifts.com\/lt\/wp-json\/wp\/v2\/product\/464\/revisions\/2978"}],"wp:featuredmedia":[{"embeddable":true,"href":"https:\/\/dgvgifts.com\/lt\/wp-json\/wp\/v2\/media\/447"}],"wp:attachment":[{"href":"https:\/\/dgvgifts.com\/lt\/wp-json\/wp\/v2\/media?parent=464"}],"wp:term":[{"taxonomy":"product_brand","embeddable":true,"href":"https:\/\/dgvgifts.com\/lt\/wp-json\/wp\/v2\/product_brand?post=464"},{"taxonomy":"product_cat","embeddable":true,"href":"https:\/\/dgvgifts.com\/lt\/wp-json\/wp\/v2\/product_cat?post=464"},{"taxonomy":"product_tag","embeddable":true,"href":"https:\/\/dgvgifts.com\/lt\/wp-json\/wp\/v2\/product_tag?post=464"}],"curies":[{"name":"wp","href":"https:\/\/api.w.org\/{rel}","templated":true}]}}