{"id":478,"date":"2023-02-24T09:36:28","date_gmt":"2023-02-24T09:36:28","guid":{"rendered":"https:\/\/dgvgifts.com\/index.php\/product\/gear-x-folding-knife\/"},"modified":"2024-11-08T10:35:28","modified_gmt":"2024-11-08T10:35:28","slug":"gear-x-folding-knife","status":"publish","type":"product","link":"https:\/\/dgvgifts.com\/lt\/produktas\/gear-x-folding-knife\/","title":{"rendered":"\"Gear X\" sulankstomas peilis"},"content":{"rendered":"<p>\u0160is ki\u0161eninis sulankstomas peilis pasi\u017eymi minimaliu dizainu ir stipriomis eksploatacin\u0117mis savyb\u0117mis. Juodas sulankstomas peilis pagamintas i\u0161 aliuminio ir auk\u0161\u010diausios kokyb\u0117s 420 ner\u016bdijan\u010dio plieno. Ilgaam\u017e\u012f peil\u012f lengva naudoti ir u\u017efiksuoti. D\u0117l tvirtos konstrukcijos \u0161is peilis puikiai tinka naudoti tiek lauke, tiek patalpose. Supakuotas \u012f prabangi\u0105 dovan\u0173 d\u0117\u017eut\u0119.<\/p>","protected":false},"excerpt":{"rendered":"<p>Minimal design meets strong performance with this pocket size folding knife. The fully black folding knife is made from luxury aluminum and premium grade 420 stainless steel. The long lasting knife is easy to use and lock into place. The strong design makes it the perfect knife for both outdoor and indoor use. Packed in [&hellip;]<\/p>","protected":false},"featured_media":465,"comment_status":"open","ping_status":"closed","template":"","meta":[],"product_brand":[],"product_cat":[66,37],"product_tag":[],"class_list":{"0":"post-478","1":"product","2":"type-product","3":"status-publish","4":"has-post-thumbnail","6":"product_cat-irankiai-ir-zibintuveliai","7":"product_cat-namams","9":"first","10":"instock","11":"shipping-taxable","12":"purchasable","13":"product-type-simple"},"_links":{"self":[{"href":"https:\/\/dgvgifts.com\/lt\/wp-json\/wp\/v2\/product\/478","targetHints":{"allow":["GET"]}}],"collection":[{"href":"https:\/\/dgvgifts.com\/lt\/wp-json\/wp\/v2\/product"}],"about":[{"href":"https:\/\/dgvgifts.com\/lt\/wp-json\/wp\/v2\/types\/product"}],"replies":[{"embeddable":true,"href":"https:\/\/dgvgifts.com\/lt\/wp-json\/wp\/v2\/comments?post=478"}],"version-history":[{"count":1,"href":"https:\/\/dgvgifts.com\/lt\/wp-json\/wp\/v2\/product\/478\/revisions"}],"predecessor-version":[{"id":2977,"href":"https:\/\/dgvgifts.com\/lt\/wp-json\/wp\/v2\/product\/478\/revisions\/2977"}],"wp:featuredmedia":[{"embeddable":true,"href":"https:\/\/dgvgifts.com\/lt\/wp-json\/wp\/v2\/media\/465"}],"wp:attachment":[{"href":"https:\/\/dgvgifts.com\/lt\/wp-json\/wp\/v2\/media?parent=478"}],"wp:term":[{"taxonomy":"product_brand","embeddable":true,"href":"https:\/\/dgvgifts.com\/lt\/wp-json\/wp\/v2\/product_brand?post=478"},{"taxonomy":"product_cat","embeddable":true,"href":"https:\/\/dgvgifts.com\/lt\/wp-json\/wp\/v2\/product_cat?post=478"},{"taxonomy":"product_tag","embeddable":true,"href":"https:\/\/dgvgifts.com\/lt\/wp-json\/wp\/v2\/product_tag?post=478"}],"curies":[{"name":"wp","href":"https:\/\/api.w.org\/{rel}","templated":true}]}}