{"id":509,"date":"2023-02-24T09:36:52","date_gmt":"2023-02-24T09:36:52","guid":{"rendered":"https:\/\/dgvgifts.com\/index.php\/product\/gear-x-pocket-multitool\/"},"modified":"2024-11-08T10:35:08","modified_gmt":"2024-11-08T10:35:08","slug":"gear-x-pocket-multitool","status":"publish","type":"product","link":"https:\/\/dgvgifts.com\/lt\/produktas\/gear-x-pocket-multitool\/","title":{"rendered":"\"Gear X\" ki\u0161eninis daugiafunkcinis \u012frankis"},"content":{"rendered":"<p>Minimalaus dizaino, bet labai funkcionalus ki\u0161eninis \u012frankis. Korpusas pagamintas i\u0161 prabangaus juodo aliuminio, o \u012frankiai - i\u0161 auk\u0161\u010diausios kokyb\u0117s 420 ner\u016bdijan\u010dio plieno. Ilgalaik\u012f \u012frank\u012f sudaro: Peilis, buteli\u0173 atidarytuvas, d\u0117\u017ei\u0173 pjaustytuvas, atsuktuvas su dvigub\u0173 antgali\u0173 rinkiniu ( S2 5, S2 PH2), pj\u016bklas ir atsuktuvas su grioveliais. Supakuotas \u012f prabangi\u0105 dovan\u0173 d\u0117\u017eut\u0119. \u012eranki\u0173 kietumo lygis 40-45 HRC. Antgali\u0173 kietumo lygis 60-62 HR.<\/p>","protected":false},"excerpt":{"rendered":"<p>Minimal design but highly functional pocket tool. The body is made from from luxury black aluminum and the tools are made from premium grade 420 stainless steel. The long lasting tool includes: Knife, bottle opener, Box cutter, screwdriver with double bit set ( S2 5, S2 PH2) , saw and slotted screwdriver. Packed in luxury [&hellip;]<\/p>","protected":false},"featured_media":493,"comment_status":"open","ping_status":"closed","template":"","meta":[],"product_brand":[],"product_cat":[66,37],"product_tag":[],"class_list":{"0":"post-509","1":"product","2":"type-product","3":"status-publish","4":"has-post-thumbnail","6":"product_cat-irankiai-ir-zibintuveliai","7":"product_cat-namams","9":"first","10":"instock","11":"shipping-taxable","12":"purchasable","13":"product-type-simple"},"_links":{"self":[{"href":"https:\/\/dgvgifts.com\/lt\/wp-json\/wp\/v2\/product\/509","targetHints":{"allow":["GET"]}}],"collection":[{"href":"https:\/\/dgvgifts.com\/lt\/wp-json\/wp\/v2\/product"}],"about":[{"href":"https:\/\/dgvgifts.com\/lt\/wp-json\/wp\/v2\/types\/product"}],"replies":[{"embeddable":true,"href":"https:\/\/dgvgifts.com\/lt\/wp-json\/wp\/v2\/comments?post=509"}],"version-history":[{"count":1,"href":"https:\/\/dgvgifts.com\/lt\/wp-json\/wp\/v2\/product\/509\/revisions"}],"predecessor-version":[{"id":2975,"href":"https:\/\/dgvgifts.com\/lt\/wp-json\/wp\/v2\/product\/509\/revisions\/2975"}],"wp:featuredmedia":[{"embeddable":true,"href":"https:\/\/dgvgifts.com\/lt\/wp-json\/wp\/v2\/media\/493"}],"wp:attachment":[{"href":"https:\/\/dgvgifts.com\/lt\/wp-json\/wp\/v2\/media?parent=509"}],"wp:term":[{"taxonomy":"product_brand","embeddable":true,"href":"https:\/\/dgvgifts.com\/lt\/wp-json\/wp\/v2\/product_brand?post=509"},{"taxonomy":"product_cat","embeddable":true,"href":"https:\/\/dgvgifts.com\/lt\/wp-json\/wp\/v2\/product_cat?post=509"},{"taxonomy":"product_tag","embeddable":true,"href":"https:\/\/dgvgifts.com\/lt\/wp-json\/wp\/v2\/product_tag?post=509"}],"curies":[{"name":"wp","href":"https:\/\/api.w.org\/{rel}","templated":true}]}}