{"id":529,"date":"2023-02-24T09:37:07","date_gmt":"2023-02-24T09:37:07","guid":{"rendered":"https:\/\/dgvgifts.com\/index.php\/product\/gear-x-plier-multitool\/"},"modified":"2024-11-08T10:34:53","modified_gmt":"2024-11-08T10:34:53","slug":"gear-x-plier-multitool","status":"publish","type":"product","link":"https:\/\/dgvgifts.com\/lt\/produktas\/gear-x-plier-multitool\/","title":{"rendered":"\"Gear X\" daugiafunkcinis \u012frankis"},"content":{"rendered":"<p>Prabangus \u012frankis - taip geriausiai galima apib\u016bdinti \u0161\u012f \u012frank\u012f. Tai pats universaliausias ir patvariausias \u012frankis, skirtas kasdieniams darbams namuose ir lauke. Prabangus aliuminio korpusas suderintas su auk\u0161\u010diausios kokyb\u0117s 420 ner\u016bdijan\u010diojo plienu, juodos spalvos. \u012erankis pagamintas taip, kad tarnaut\u0173 ilgai. 13 funkcij\u0173: Peilis (su u\u017eraktu), pj\u016bklas, pj\u016bklelis, didelis atsuktuvas (su u\u017eraktu), \"Philips\" atsuktuvas, dantytas atsuktuvas, repl\u0117s, standartin\u0117s repl\u0117s, vielos pjaustytuvas, buteli\u0173 atidarytuvas, atsuktuvas, saugos dir\u017e\u0173 pjaustytuvas, d\u0117\u017ei\u0173 pjaustytuvas.  \u0160is daugiafunkcinis \u012frankis paruo\u0161tas naudoti, kai jo prireiks. Supakuotas \u012f prabangi\u0105 dovan\u0173 d\u0117\u017eut\u0119.<\/p>","protected":false},"excerpt":{"rendered":"<p>A luxury powerhouse, that is how this tool can be described best. The most versatile and durable tool for you daily jobs both in the house and outdoors. The luxury aluminum body is matched with premium grade 420 stainless steel tools all in solid black. The durable tools are made to last a long time. [&hellip;]<\/p>","protected":false},"featured_media":510,"comment_status":"open","ping_status":"closed","template":"","meta":[],"product_brand":[],"product_cat":[66,37],"product_tag":[],"class_list":{"0":"post-529","1":"product","2":"type-product","3":"status-publish","4":"has-post-thumbnail","6":"product_cat-irankiai-ir-zibintuveliai","7":"product_cat-namams","9":"first","10":"instock","11":"shipping-taxable","12":"purchasable","13":"product-type-simple"},"_links":{"self":[{"href":"https:\/\/dgvgifts.com\/lt\/wp-json\/wp\/v2\/product\/529","targetHints":{"allow":["GET"]}}],"collection":[{"href":"https:\/\/dgvgifts.com\/lt\/wp-json\/wp\/v2\/product"}],"about":[{"href":"https:\/\/dgvgifts.com\/lt\/wp-json\/wp\/v2\/types\/product"}],"replies":[{"embeddable":true,"href":"https:\/\/dgvgifts.com\/lt\/wp-json\/wp\/v2\/comments?post=529"}],"version-history":[{"count":1,"href":"https:\/\/dgvgifts.com\/lt\/wp-json\/wp\/v2\/product\/529\/revisions"}],"predecessor-version":[{"id":2974,"href":"https:\/\/dgvgifts.com\/lt\/wp-json\/wp\/v2\/product\/529\/revisions\/2974"}],"wp:featuredmedia":[{"embeddable":true,"href":"https:\/\/dgvgifts.com\/lt\/wp-json\/wp\/v2\/media\/510"}],"wp:attachment":[{"href":"https:\/\/dgvgifts.com\/lt\/wp-json\/wp\/v2\/media?parent=529"}],"wp:term":[{"taxonomy":"product_brand","embeddable":true,"href":"https:\/\/dgvgifts.com\/lt\/wp-json\/wp\/v2\/product_brand?post=529"},{"taxonomy":"product_cat","embeddable":true,"href":"https:\/\/dgvgifts.com\/lt\/wp-json\/wp\/v2\/product_cat?post=529"},{"taxonomy":"product_tag","embeddable":true,"href":"https:\/\/dgvgifts.com\/lt\/wp-json\/wp\/v2\/product_tag?post=529"}],"curies":[{"name":"wp","href":"https:\/\/api.w.org\/{rel}","templated":true}]}}