{"id":541,"date":"2023-02-24T09:37:16","date_gmt":"2023-02-24T09:37:16","guid":{"rendered":"https:\/\/dgvgifts.com\/index.php\/product\/gear-x-ratchet-screwdriver\/"},"modified":"2024-11-08T10:34:40","modified_gmt":"2024-11-08T10:34:40","slug":"gear-x-ratchet-screwdriver","status":"publish","type":"product","link":"https:\/\/dgvgifts.com\/lt\/produktas\/gear-x-ratchet-screwdriver\/","title":{"rendered":"\"Gear X\" atsuktuvas"},"content":{"rendered":"<p>Prabangus atsuktuv\u0173 rinkinys su auk\u0161tos kokyb\u0117s plieno. Rinkinyje yra daug antgali\u0173: PH0\/PH1\/PH2, SL3\/SL4\/SL5\/HEX3\/HEX4\/HEX5\/TX8\/TX10\/TX20. Lengvai pritvirtinami naudojant stipr\u0173 magnet\u0105. \u0160is daugiafunkcinis atsuktuvas yra paruo\u0161tas naudoti, kai jo prireikia. Supakuotas \u012f prabangi\u0105 dovan\u0173 d\u0117\u017eut\u0119. Antgali\u0173 kietumo lygis 60-62 HRC.<\/p>","protected":false},"excerpt":{"rendered":"<p>Prabangus atsuktuv\u0173 rinkinys su auk\u0161tos kokyb\u0117s plieno. Rinkinyje yra daug antgali\u0173: PH0\/PH1\/PH2, SL3\/SL4\/SL5\/HEX3\/HEX4\/HEX5\/TX8\/TX10\/TX20. Lengvai pritvirtinami naudojant stipr\u0173 magnet\u0105. \u0160is daugiafunkcinis atsuktuvas yra paruo\u0161tas naudoti, kai jo prireikia. Supakuotas \u012f prabangi\u0105 dovan\u0173 d\u0117\u017eut\u0119. Antgali\u0173 kietumo lygis 60-62 HRC.<\/p>","protected":false},"featured_media":530,"comment_status":"open","ping_status":"closed","template":"","meta":[],"product_brand":[],"product_cat":[66,37],"product_tag":[],"class_list":{"0":"post-541","1":"product","2":"type-product","3":"status-publish","4":"has-post-thumbnail","6":"product_cat-irankiai-ir-zibintuveliai","7":"product_cat-namams","9":"first","10":"instock","11":"shipping-taxable","12":"purchasable","13":"product-type-simple"},"_links":{"self":[{"href":"https:\/\/dgvgifts.com\/lt\/wp-json\/wp\/v2\/product\/541","targetHints":{"allow":["GET"]}}],"collection":[{"href":"https:\/\/dgvgifts.com\/lt\/wp-json\/wp\/v2\/product"}],"about":[{"href":"https:\/\/dgvgifts.com\/lt\/wp-json\/wp\/v2\/types\/product"}],"replies":[{"embeddable":true,"href":"https:\/\/dgvgifts.com\/lt\/wp-json\/wp\/v2\/comments?post=541"}],"version-history":[{"count":1,"href":"https:\/\/dgvgifts.com\/lt\/wp-json\/wp\/v2\/product\/541\/revisions"}],"predecessor-version":[{"id":2973,"href":"https:\/\/dgvgifts.com\/lt\/wp-json\/wp\/v2\/product\/541\/revisions\/2973"}],"wp:featuredmedia":[{"embeddable":true,"href":"https:\/\/dgvgifts.com\/lt\/wp-json\/wp\/v2\/media\/530"}],"wp:attachment":[{"href":"https:\/\/dgvgifts.com\/lt\/wp-json\/wp\/v2\/media?parent=541"}],"wp:term":[{"taxonomy":"product_brand","embeddable":true,"href":"https:\/\/dgvgifts.com\/lt\/wp-json\/wp\/v2\/product_brand?post=541"},{"taxonomy":"product_cat","embeddable":true,"href":"https:\/\/dgvgifts.com\/lt\/wp-json\/wp\/v2\/product_cat?post=541"},{"taxonomy":"product_tag","embeddable":true,"href":"https:\/\/dgvgifts.com\/lt\/wp-json\/wp\/v2\/product_tag?post=541"}],"curies":[{"name":"wp","href":"https:\/\/api.w.org\/{rel}","templated":true}]}}