{"id":551,"date":"2023-02-24T09:37:24","date_gmt":"2023-02-24T09:37:24","guid":{"rendered":"https:\/\/dgvgifts.com\/index.php\/product\/gear-x-31-in-1-precision-screwdriver-set\/"},"modified":"2024-11-08T10:34:30","modified_gmt":"2024-11-08T10:34:30","slug":"gear-x-31-in-1-precision-screwdriver-set","status":"publish","type":"product","link":"https:\/\/dgvgifts.com\/lt\/produktas\/gear-x-31-in-1-precision-screwdriver-set\/","title":{"rendered":"\"Gear X\" 31 in 1 atsuktuv\u0173 rinkinys"},"content":{"rendered":"<p>Su auk\u0161tos kokyb\u0117s rinkiniu galite sutaisyti vis\u0105 smulki\u0105 technik\u0105. 31 vnt.  antgali\u0173 supakuota prabangiame aliuminio d\u0117kle. Rinkinyje yra atsuktuvo rankena. T5H, T6H, T8H, T10H, T15H, SL1.5, SL2.0, SL3.0, SL4.0, PH000, PH00, PH0, PH1, PH2, H1.5, H2.0, H3.0, H4.0, T2, T3, T4, Y0.6, Y1, Y2.5, P2, P5, P6, U2.6, \u25b32.3. Supakuota \u012f prabangi\u0105 dovan\u0173 d\u0117\u017eut\u0119.<\/p>","protected":false},"excerpt":{"rendered":"<p>The ultimate high-performance precision bit kit includes essential parts for repairing mobile phones, tablets, PCs and other items. Most electronics life can be extended easily with a simple repair that often can be found in online how to perform. 31 pcs packed in luxury aluminum case. Set includes screwdriver handle. T5H, T6H, T8H, T10H, T15H, [&hellip;]<\/p>","protected":false},"featured_media":542,"comment_status":"open","ping_status":"closed","template":"","meta":[],"product_brand":[],"product_cat":[66,37],"product_tag":[],"class_list":{"0":"post-551","1":"product","2":"type-product","3":"status-publish","4":"has-post-thumbnail","6":"product_cat-irankiai-ir-zibintuveliai","7":"product_cat-namams","9":"first","10":"instock","11":"shipping-taxable","12":"purchasable","13":"product-type-simple"},"_links":{"self":[{"href":"https:\/\/dgvgifts.com\/lt\/wp-json\/wp\/v2\/product\/551","targetHints":{"allow":["GET"]}}],"collection":[{"href":"https:\/\/dgvgifts.com\/lt\/wp-json\/wp\/v2\/product"}],"about":[{"href":"https:\/\/dgvgifts.com\/lt\/wp-json\/wp\/v2\/types\/product"}],"replies":[{"embeddable":true,"href":"https:\/\/dgvgifts.com\/lt\/wp-json\/wp\/v2\/comments?post=551"}],"version-history":[{"count":1,"href":"https:\/\/dgvgifts.com\/lt\/wp-json\/wp\/v2\/product\/551\/revisions"}],"predecessor-version":[{"id":2972,"href":"https:\/\/dgvgifts.com\/lt\/wp-json\/wp\/v2\/product\/551\/revisions\/2972"}],"wp:featuredmedia":[{"embeddable":true,"href":"https:\/\/dgvgifts.com\/lt\/wp-json\/wp\/v2\/media\/542"}],"wp:attachment":[{"href":"https:\/\/dgvgifts.com\/lt\/wp-json\/wp\/v2\/media?parent=551"}],"wp:term":[{"taxonomy":"product_brand","embeddable":true,"href":"https:\/\/dgvgifts.com\/lt\/wp-json\/wp\/v2\/product_brand?post=551"},{"taxonomy":"product_cat","embeddable":true,"href":"https:\/\/dgvgifts.com\/lt\/wp-json\/wp\/v2\/product_cat?post=551"},{"taxonomy":"product_tag","embeddable":true,"href":"https:\/\/dgvgifts.com\/lt\/wp-json\/wp\/v2\/product_tag?post=551"}],"curies":[{"name":"wp","href":"https:\/\/api.w.org\/{rel}","templated":true}]}}