{"id":568,"date":"2023-02-24T09:40:13","date_gmt":"2023-02-24T09:40:13","guid":{"rendered":"https:\/\/dgvgifts.com\/index.php\/product\/ukiyo-bamboo-large-serving-board\/"},"modified":"2024-11-08T10:34:19","modified_gmt":"2024-11-08T10:34:19","slug":"ukiyo-bamboo-large-serving-board","status":"publish","type":"product","link":"https:\/\/dgvgifts.com\/lt\/produktas\/ukiyo-bamboo-large-serving-board\/","title":{"rendered":"Ukiyo didel\u0117 bambukin\u0117 serviravimo lenta"},"content":{"rendered":"<p>Ant \u0161io patrauklaus Ukiyo bambukinio serviravimo pad\u0117klo patiekdami \u012fvairaus tipo maist\u0105 ar u\u017ekand\u017eius, sukelsite nuostab\u0105 savo sve\u010diams. Neabejotinai traukia ak\u012f, bet kuriame vakar\u0117lyje! Supakuota \u012f prabangi\u0105 dovan\u0173 d\u0117\u017eut\u0119. Lentel\u0117 neapdorota, ta\u010diau galima j\u0105 tepti aliejumi. Plauti rankomis, neplauti indaplov\u0117je.<\/p>","protected":false},"excerpt":{"rendered":"<p>Ant \u0161io patrauklaus Ukiyo bambukinio serviravimo pad\u0117klo patiekdami \u012fvairaus tipo maist\u0105 ar u\u017ekand\u017eius, sukelsite nuostab\u0105 savo sve\u010diams. Neabejotinai traukia ak\u012f, bet kuriame vakar\u0117lyje! Supakuota \u012f prabangi\u0105 dovan\u0173 d\u0117\u017eut\u0119. Lentel\u0117 neapdorota, ta\u010diau galima j\u0105 tepti aliejumi. Plauti rankomis, neplauti indaplov\u0117je.<\/p>","protected":false},"featured_media":553,"comment_status":"open","ping_status":"closed","template":"","meta":[],"product_brand":[],"product_cat":[67,37],"product_tag":[],"class_list":{"0":"post-568","1":"product","2":"type-product","3":"status-publish","4":"has-post-thumbnail","6":"product_cat-virtuves-reikmenys","7":"product_cat-namams","9":"first","10":"instock","11":"shipping-taxable","12":"purchasable","13":"product-type-simple"},"_links":{"self":[{"href":"https:\/\/dgvgifts.com\/lt\/wp-json\/wp\/v2\/product\/568","targetHints":{"allow":["GET"]}}],"collection":[{"href":"https:\/\/dgvgifts.com\/lt\/wp-json\/wp\/v2\/product"}],"about":[{"href":"https:\/\/dgvgifts.com\/lt\/wp-json\/wp\/v2\/types\/product"}],"replies":[{"embeddable":true,"href":"https:\/\/dgvgifts.com\/lt\/wp-json\/wp\/v2\/comments?post=568"}],"version-history":[{"count":1,"href":"https:\/\/dgvgifts.com\/lt\/wp-json\/wp\/v2\/product\/568\/revisions"}],"predecessor-version":[{"id":2971,"href":"https:\/\/dgvgifts.com\/lt\/wp-json\/wp\/v2\/product\/568\/revisions\/2971"}],"wp:featuredmedia":[{"embeddable":true,"href":"https:\/\/dgvgifts.com\/lt\/wp-json\/wp\/v2\/media\/553"}],"wp:attachment":[{"href":"https:\/\/dgvgifts.com\/lt\/wp-json\/wp\/v2\/media?parent=568"}],"wp:term":[{"taxonomy":"product_brand","embeddable":true,"href":"https:\/\/dgvgifts.com\/lt\/wp-json\/wp\/v2\/product_brand?post=568"},{"taxonomy":"product_cat","embeddable":true,"href":"https:\/\/dgvgifts.com\/lt\/wp-json\/wp\/v2\/product_cat?post=568"},{"taxonomy":"product_tag","embeddable":true,"href":"https:\/\/dgvgifts.com\/lt\/wp-json\/wp\/v2\/product_tag?post=568"}],"curies":[{"name":"wp","href":"https:\/\/api.w.org\/{rel}","templated":true}]}}