{"id":580,"date":"2023-02-24T09:40:24","date_gmt":"2023-02-24T09:40:24","guid":{"rendered":"https:\/\/dgvgifts.com\/index.php\/product\/ukiyo-bamboo-rectangle-serving-board\/"},"modified":"2024-11-08T10:34:11","modified_gmt":"2024-11-08T10:34:11","slug":"ukiyo-bamboo-rectangle-serving-board","status":"publish","type":"product","link":"https:\/\/dgvgifts.com\/lt\/produktas\/ukiyo-bamboo-rectangle-serving-board\/","title":{"rendered":"Ukiyo bambukin\u0117 serviravimo lenta"},"content":{"rendered":"<p>\u0160i Ukiyo bambukin\u0117 serviravimo lenta puikiai tinka s\u016briui, m\u0117sai ir u\u017ekand\u017eiams patiekti. J\u0105 taip pat galima naudoti kaip pjaustymo lent\u0105, tod\u0117l ji yra universalus virtuv\u0117s \u012frankis! Supakuota \u012f prabangi\u0105 kraftin\u0119 dovan\u0173 d\u0117\u017eut\u0119. Lentel\u0117 neapdorota, ta\u010diau, j\u0105 galima tepti aliejumi. Plaunama tik rankomis, neplauti indaplov\u0117je.<\/p>","protected":false},"excerpt":{"rendered":"<p>This Ukiyo bamboo serving board is great for serving cheese, meat and appetisers. It can also be used as a chopping board, making it a versatile item in your kitchen! Packed in a luxury kraft giftbox. The board is untreated and can be treated with oil if desired. Never put it into the dishwasher, handwash [&hellip;]<\/p>","protected":false},"featured_media":569,"comment_status":"open","ping_status":"closed","template":"","meta":[],"product_brand":[],"product_cat":[67,37],"product_tag":[],"class_list":{"0":"post-580","1":"product","2":"type-product","3":"status-publish","4":"has-post-thumbnail","6":"product_cat-virtuves-reikmenys","7":"product_cat-namams","9":"first","10":"instock","11":"shipping-taxable","12":"purchasable","13":"product-type-simple"},"_links":{"self":[{"href":"https:\/\/dgvgifts.com\/lt\/wp-json\/wp\/v2\/product\/580","targetHints":{"allow":["GET"]}}],"collection":[{"href":"https:\/\/dgvgifts.com\/lt\/wp-json\/wp\/v2\/product"}],"about":[{"href":"https:\/\/dgvgifts.com\/lt\/wp-json\/wp\/v2\/types\/product"}],"replies":[{"embeddable":true,"href":"https:\/\/dgvgifts.com\/lt\/wp-json\/wp\/v2\/comments?post=580"}],"version-history":[{"count":1,"href":"https:\/\/dgvgifts.com\/lt\/wp-json\/wp\/v2\/product\/580\/revisions"}],"predecessor-version":[{"id":2970,"href":"https:\/\/dgvgifts.com\/lt\/wp-json\/wp\/v2\/product\/580\/revisions\/2970"}],"wp:featuredmedia":[{"embeddable":true,"href":"https:\/\/dgvgifts.com\/lt\/wp-json\/wp\/v2\/media\/569"}],"wp:attachment":[{"href":"https:\/\/dgvgifts.com\/lt\/wp-json\/wp\/v2\/media?parent=580"}],"wp:term":[{"taxonomy":"product_brand","embeddable":true,"href":"https:\/\/dgvgifts.com\/lt\/wp-json\/wp\/v2\/product_brand?post=580"},{"taxonomy":"product_cat","embeddable":true,"href":"https:\/\/dgvgifts.com\/lt\/wp-json\/wp\/v2\/product_cat?post=580"},{"taxonomy":"product_tag","embeddable":true,"href":"https:\/\/dgvgifts.com\/lt\/wp-json\/wp\/v2\/product_tag?post=580"}],"curies":[{"name":"wp","href":"https:\/\/api.w.org\/{rel}","templated":true}]}}