{"id":594,"date":"2023-02-24T09:40:38","date_gmt":"2023-02-24T09:40:38","guid":{"rendered":"https:\/\/dgvgifts.com\/index.php\/product\/ukiyo-bamboo-cutting-board\/"},"modified":"2024-11-08T10:34:01","modified_gmt":"2024-11-08T10:34:01","slug":"ukiyo-bamboo-cutting-board","status":"publish","type":"product","link":"https:\/\/dgvgifts.com\/lt\/produktas\/ukiyo-bamboo-cutting-board\/","title":{"rendered":"Ukiyo bambukin\u0117 pjaustymo lentel\u0117"},"content":{"rendered":"<p>M\u0117gaukit\u0117s gyvenimu ir gyvenkite \u0161ia akimirka! \u0160i bambukin\u0117 pjaustymo lentel\u0117 b\u016btina kiekvienoje virtuv\u0117je. \u0160i daugiafunkcin\u0117 priemon\u0117 bus daugiau nei tik kasdien\u0117 pjaustymo lentel\u0117, tod\u0117l puikiai tinka patiekalams ruo\u0161ti ir patiekti. Su specialiu grioveliu, kad b\u016bt\u0173 i\u0161vengtum\u0117t dar\u017eovi\u0173 sul\u010di\u0173 pratek\u0117jimo. Supakuota prabangioje kraftin\u0117je dovan\u0173 d\u0117\u017eut\u0117je. Lentel\u0117 neapdorota, galima tepti aliejumi. Plaunama rankomis, neplauti indaplov\u0117je.<\/p>","protected":false},"excerpt":{"rendered":"<p>Enjoy life and live in the moment! This bamboo cutting board is an essential for every kitchen. This multi-purpose tool will be more than just your everyday cutting board, making it perfect for prepping and serving meals. With juice gutter to avoid spilling. Packed in a luxury kraft gift box. The board is untreated and [&hellip;]<\/p>","protected":false},"featured_media":581,"comment_status":"open","ping_status":"closed","template":"","meta":[],"product_brand":[],"product_cat":[67,37],"product_tag":[],"class_list":{"0":"post-594","1":"product","2":"type-product","3":"status-publish","4":"has-post-thumbnail","6":"product_cat-virtuves-reikmenys","7":"product_cat-namams","9":"first","10":"instock","11":"shipping-taxable","12":"purchasable","13":"product-type-simple"},"_links":{"self":[{"href":"https:\/\/dgvgifts.com\/lt\/wp-json\/wp\/v2\/product\/594","targetHints":{"allow":["GET"]}}],"collection":[{"href":"https:\/\/dgvgifts.com\/lt\/wp-json\/wp\/v2\/product"}],"about":[{"href":"https:\/\/dgvgifts.com\/lt\/wp-json\/wp\/v2\/types\/product"}],"replies":[{"embeddable":true,"href":"https:\/\/dgvgifts.com\/lt\/wp-json\/wp\/v2\/comments?post=594"}],"version-history":[{"count":1,"href":"https:\/\/dgvgifts.com\/lt\/wp-json\/wp\/v2\/product\/594\/revisions"}],"predecessor-version":[{"id":2969,"href":"https:\/\/dgvgifts.com\/lt\/wp-json\/wp\/v2\/product\/594\/revisions\/2969"}],"wp:featuredmedia":[{"embeddable":true,"href":"https:\/\/dgvgifts.com\/lt\/wp-json\/wp\/v2\/media\/581"}],"wp:attachment":[{"href":"https:\/\/dgvgifts.com\/lt\/wp-json\/wp\/v2\/media?parent=594"}],"wp:term":[{"taxonomy":"product_brand","embeddable":true,"href":"https:\/\/dgvgifts.com\/lt\/wp-json\/wp\/v2\/product_brand?post=594"},{"taxonomy":"product_cat","embeddable":true,"href":"https:\/\/dgvgifts.com\/lt\/wp-json\/wp\/v2\/product_cat?post=594"},{"taxonomy":"product_tag","embeddable":true,"href":"https:\/\/dgvgifts.com\/lt\/wp-json\/wp\/v2\/product_tag?post=594"}],"curies":[{"name":"wp","href":"https:\/\/api.w.org\/{rel}","templated":true}]}}