{"id":606,"date":"2023-02-24T09:40:50","date_gmt":"2023-02-24T09:40:50","guid":{"rendered":"https:\/\/dgvgifts.com\/index.php\/product\/ukiyo-bamboo-salt-and-pepper-mill-set\/"},"modified":"2024-11-08T10:33:51","modified_gmt":"2024-11-08T10:33:51","slug":"ukiyo-bamboo-salt-and-pepper-mill-set","status":"publish","type":"product","link":"https:\/\/dgvgifts.com\/lt\/produktas\/ukiyo-bamboo-salt-and-pepper-mill-set\/","title":{"rendered":"Ukiyo bambukinis druskos ir pipir\u0173 mal\u016bn\u0117li\u0173 rinkinys"},"content":{"rendered":"<p>\u0160is Ukiyo druskos ir pipir\u0173 rinkinys - tai stilingas ir funkcionalus virtuv\u0117s \u012frankis. Viduje yra keramikinis mal\u016bn\u0117lis, kuriuo lengvai sumalsite drusk\u0105 ir pipirus. Druskos ir pipir\u0173 mal\u016bn\u0117lio rinkinys pagamintas i\u0161 bambuko, tai suteikia nat\u016bralumo ir stilingumo. Ant mal\u016bn\u0117li\u0173 i\u0161graviruotos raid\u0117s \"P\" ir \"S\", kad nesumai\u0161ytum\u0117t kur druska, kur pipirai. Abiej\u0173 mal\u016bn\u0117li\u0173 talpa - 110 ml, tod\u0117l nereik\u0117s taip da\u017enai pildyti. Supakuoti \u012f kraftin\u0119 dovan\u0173 d\u0117\u017eut\u0119.<\/p>","protected":false},"excerpt":{"rendered":"<p>This Ukiyo salt and pepper set brings style and function together within one design to your dinner table.The inside consists of a ceramic grinder ensuring that you can grind salt and pepper easily. The salt and pepper mill set is made of bamboo giving it a beautifully natural, yet stylish look. In addition, the mills [&hellip;]<\/p>","protected":false},"featured_media":595,"comment_status":"open","ping_status":"closed","template":"","meta":[],"product_brand":[],"product_cat":[67,37],"product_tag":[],"class_list":{"0":"post-606","1":"product","2":"type-product","3":"status-publish","4":"has-post-thumbnail","6":"product_cat-virtuves-reikmenys","7":"product_cat-namams","9":"first","10":"instock","11":"shipping-taxable","12":"purchasable","13":"product-type-simple"},"_links":{"self":[{"href":"https:\/\/dgvgifts.com\/lt\/wp-json\/wp\/v2\/product\/606","targetHints":{"allow":["GET"]}}],"collection":[{"href":"https:\/\/dgvgifts.com\/lt\/wp-json\/wp\/v2\/product"}],"about":[{"href":"https:\/\/dgvgifts.com\/lt\/wp-json\/wp\/v2\/types\/product"}],"replies":[{"embeddable":true,"href":"https:\/\/dgvgifts.com\/lt\/wp-json\/wp\/v2\/comments?post=606"}],"version-history":[{"count":1,"href":"https:\/\/dgvgifts.com\/lt\/wp-json\/wp\/v2\/product\/606\/revisions"}],"predecessor-version":[{"id":2968,"href":"https:\/\/dgvgifts.com\/lt\/wp-json\/wp\/v2\/product\/606\/revisions\/2968"}],"wp:featuredmedia":[{"embeddable":true,"href":"https:\/\/dgvgifts.com\/lt\/wp-json\/wp\/v2\/media\/595"}],"wp:attachment":[{"href":"https:\/\/dgvgifts.com\/lt\/wp-json\/wp\/v2\/media?parent=606"}],"wp:term":[{"taxonomy":"product_brand","embeddable":true,"href":"https:\/\/dgvgifts.com\/lt\/wp-json\/wp\/v2\/product_brand?post=606"},{"taxonomy":"product_cat","embeddable":true,"href":"https:\/\/dgvgifts.com\/lt\/wp-json\/wp\/v2\/product_cat?post=606"},{"taxonomy":"product_tag","embeddable":true,"href":"https:\/\/dgvgifts.com\/lt\/wp-json\/wp\/v2\/product_tag?post=606"}],"curies":[{"name":"wp","href":"https:\/\/api.w.org\/{rel}","templated":true}]}}