{"id":620,"date":"2023-02-24T09:41:03","date_gmt":"2023-02-24T09:41:03","guid":{"rendered":"https:\/\/dgvgifts.com\/index.php\/product\/ukiyo-small-scented-candle-in-glass\/"},"modified":"2024-11-08T10:33:40","modified_gmt":"2024-11-08T10:33:40","slug":"ukiyo-small-scented-candle-in-glass","status":"publish","type":"product","link":"https:\/\/dgvgifts.com\/lt\/produktas\/ukiyo-small-scented-candle-in-glass\/","title":{"rendered":"Ukiyo ma\u017ea \u017evak\u0117 stikliniame indelyje"},"content":{"rendered":"<p>Sukurkite \u0161ilum\u0105 ir jaukum\u0105 savo namuose su \u0161ia Ukiyo kvapi\u0105ja \u017evake. M\u0117gaukit\u0117s i\u0161siskirian\u010diu subtiliu jazmin\u0173 aromatu. Kvapioji \u017evak\u0117 supakuota eleganti\u0161koje stiklin\u0117je su bambukiniu dangteliu.<\/p>","protected":false},"excerpt":{"rendered":"<p>Sukurkite \u0161ilum\u0105 ir jaukum\u0105 savo namuose su \u0161ia Ukiyo kvapi\u0105ja \u017evake. M\u0117gaukit\u0117s i\u0161siskirian\u010diu subtiliu jazmin\u0173 aromatu. Kvapioji \u017evak\u0117 supakuota eleganti\u0161koje stiklin\u0117je su bambukiniu dangteliu.<\/p>","protected":false},"featured_media":607,"comment_status":"open","ping_status":"closed","template":"","meta":[],"product_brand":[],"product_cat":[68,37],"product_tag":[],"class_list":{"0":"post-620","1":"product","2":"type-product","3":"status-publish","4":"has-post-thumbnail","6":"product_cat-difuzoriai-ir-zvakes","7":"product_cat-namams","9":"first","10":"instock","11":"shipping-taxable","12":"purchasable","13":"product-type-simple"},"_links":{"self":[{"href":"https:\/\/dgvgifts.com\/lt\/wp-json\/wp\/v2\/product\/620","targetHints":{"allow":["GET"]}}],"collection":[{"href":"https:\/\/dgvgifts.com\/lt\/wp-json\/wp\/v2\/product"}],"about":[{"href":"https:\/\/dgvgifts.com\/lt\/wp-json\/wp\/v2\/types\/product"}],"replies":[{"embeddable":true,"href":"https:\/\/dgvgifts.com\/lt\/wp-json\/wp\/v2\/comments?post=620"}],"version-history":[{"count":1,"href":"https:\/\/dgvgifts.com\/lt\/wp-json\/wp\/v2\/product\/620\/revisions"}],"predecessor-version":[{"id":2967,"href":"https:\/\/dgvgifts.com\/lt\/wp-json\/wp\/v2\/product\/620\/revisions\/2967"}],"wp:featuredmedia":[{"embeddable":true,"href":"https:\/\/dgvgifts.com\/lt\/wp-json\/wp\/v2\/media\/607"}],"wp:attachment":[{"href":"https:\/\/dgvgifts.com\/lt\/wp-json\/wp\/v2\/media?parent=620"}],"wp:term":[{"taxonomy":"product_brand","embeddable":true,"href":"https:\/\/dgvgifts.com\/lt\/wp-json\/wp\/v2\/product_brand?post=620"},{"taxonomy":"product_cat","embeddable":true,"href":"https:\/\/dgvgifts.com\/lt\/wp-json\/wp\/v2\/product_cat?post=620"},{"taxonomy":"product_tag","embeddable":true,"href":"https:\/\/dgvgifts.com\/lt\/wp-json\/wp\/v2\/product_tag?post=620"}],"curies":[{"name":"wp","href":"https:\/\/api.w.org\/{rel}","templated":true}]}}