{"id":646,"date":"2023-02-24T09:41:26","date_gmt":"2023-02-24T09:41:26","guid":{"rendered":"https:\/\/dgvgifts.com\/index.php\/product\/ukiyo-deluxe-fragrance-sticks\/"},"modified":"2024-11-08T10:33:21","modified_gmt":"2024-11-08T10:33:21","slug":"ukiyo-deluxe-fragrance-sticks","status":"publish","type":"product","link":"https:\/\/dgvgifts.com\/lt\/produktas\/ukiyo-deluxe-fragrance-sticks\/","title":{"rendered":"Ukiyo prabangios kvap\u0173 lazdel\u0117s"},"content":{"rendered":"<p>Suteikite kiekvienai erdvei unikal\u0173 kvap\u0105 su \u0161iuo prabangiu Ukiyo kvap\u0173 rinkiniu. M\u0117gaukit\u0117s i\u0161skirtiniu kvapu. Kvepal\u0173 lazdel\u0117s skleid\u017eia nuostab\u0173 subtil\u0173 jazmin\u0173 kvap\u0105. Supakuota \u012f dovan\u0173 d\u0117\u017eut\u0119. Talpa 50 ml.<\/p>","protected":false},"excerpt":{"rendered":"<p>Suteikite kiekvienai erdvei unikal\u0173 kvap\u0105 su \u0161iuo prabangiu Ukiyo kvap\u0173 rinkiniu. M\u0117gaukit\u0117s i\u0161skirtiniu kvapu. Kvepal\u0173 lazdel\u0117s skleid\u017eia nuostab\u0173 subtil\u0173 jazmin\u0173 kvap\u0105. Supakuota \u012f dovan\u0173 d\u0117\u017eut\u0119. Talpa 50 ml.<\/p>","protected":false},"featured_media":635,"comment_status":"open","ping_status":"closed","template":"","meta":[],"product_brand":[],"product_cat":[68,37],"product_tag":[],"class_list":{"0":"post-646","1":"product","2":"type-product","3":"status-publish","4":"has-post-thumbnail","6":"product_cat-difuzoriai-ir-zvakes","7":"product_cat-namams","9":"first","10":"instock","11":"shipping-taxable","12":"purchasable","13":"product-type-simple"},"_links":{"self":[{"href":"https:\/\/dgvgifts.com\/lt\/wp-json\/wp\/v2\/product\/646","targetHints":{"allow":["GET"]}}],"collection":[{"href":"https:\/\/dgvgifts.com\/lt\/wp-json\/wp\/v2\/product"}],"about":[{"href":"https:\/\/dgvgifts.com\/lt\/wp-json\/wp\/v2\/types\/product"}],"replies":[{"embeddable":true,"href":"https:\/\/dgvgifts.com\/lt\/wp-json\/wp\/v2\/comments?post=646"}],"version-history":[{"count":1,"href":"https:\/\/dgvgifts.com\/lt\/wp-json\/wp\/v2\/product\/646\/revisions"}],"predecessor-version":[{"id":2965,"href":"https:\/\/dgvgifts.com\/lt\/wp-json\/wp\/v2\/product\/646\/revisions\/2965"}],"wp:featuredmedia":[{"embeddable":true,"href":"https:\/\/dgvgifts.com\/lt\/wp-json\/wp\/v2\/media\/635"}],"wp:attachment":[{"href":"https:\/\/dgvgifts.com\/lt\/wp-json\/wp\/v2\/media?parent=646"}],"wp:term":[{"taxonomy":"product_brand","embeddable":true,"href":"https:\/\/dgvgifts.com\/lt\/wp-json\/wp\/v2\/product_brand?post=646"},{"taxonomy":"product_cat","embeddable":true,"href":"https:\/\/dgvgifts.com\/lt\/wp-json\/wp\/v2\/product_cat?post=646"},{"taxonomy":"product_tag","embeddable":true,"href":"https:\/\/dgvgifts.com\/lt\/wp-json\/wp\/v2\/product_tag?post=646"}],"curies":[{"name":"wp","href":"https:\/\/api.w.org\/{rel}","templated":true}]}}