{"id":660,"date":"2023-02-24T09:41:37","date_gmt":"2023-02-24T09:41:37","guid":{"rendered":"https:\/\/dgvgifts.com\/index.php\/product\/ukiyo-tea-pot-set-with-cups\/"},"modified":"2024-11-08T10:33:11","modified_gmt":"2024-11-08T10:33:11","slug":"ukiyo-tea-pot-set-with-cups","status":"publish","type":"product","link":"https:\/\/dgvgifts.com\/lt\/produktas\/ukiyo-tea-pot-set-with-cups\/","title":{"rendered":"Ukiyo arbatinuko ir puodeli\u0173 rinkinys"},"content":{"rendered":"<p>\u0160iame Ukiyo keraminiame arbatinuke, telpa nema\u017eai arbatos arba kavos, savo m\u0117gstam\u0105 g\u0117rim\u0105, galite i\u0161pilstyti \u012f puodelius.  Stilinga arbatinuko detal\u0117 - medin\u0117, lenkta rankena. Arbatinuko talpa 800 ml. Rinkinukas supakuotas \u012f saugi\u0105 d\u0117\u017eut\u0119.<\/p>","protected":false},"excerpt":{"rendered":"<p>\u0160iame Ukiyo keraminiame arbatinuke, telpa nema\u017eai arbatos arba kavos, savo m\u0117gstam\u0105 g\u0117rim\u0105, galite i\u0161pilstyti \u012f puodelius.  Stilinga arbatinuko detal\u0117 - medin\u0117, lenkta rankena. Arbatinuko talpa 800 ml. Rinkinukas supakuotas \u012f saugi\u0105 d\u0117\u017eut\u0119.<\/p>","protected":false},"featured_media":647,"comment_status":"open","ping_status":"closed","template":"","meta":[],"product_brand":[],"product_cat":[67,37],"product_tag":[],"class_list":{"0":"post-660","1":"product","2":"type-product","3":"status-publish","4":"has-post-thumbnail","6":"product_cat-virtuves-reikmenys","7":"product_cat-namams","9":"first","10":"instock","11":"shipping-taxable","12":"purchasable","13":"product-type-simple"},"_links":{"self":[{"href":"https:\/\/dgvgifts.com\/lt\/wp-json\/wp\/v2\/product\/660","targetHints":{"allow":["GET"]}}],"collection":[{"href":"https:\/\/dgvgifts.com\/lt\/wp-json\/wp\/v2\/product"}],"about":[{"href":"https:\/\/dgvgifts.com\/lt\/wp-json\/wp\/v2\/types\/product"}],"replies":[{"embeddable":true,"href":"https:\/\/dgvgifts.com\/lt\/wp-json\/wp\/v2\/comments?post=660"}],"version-history":[{"count":1,"href":"https:\/\/dgvgifts.com\/lt\/wp-json\/wp\/v2\/product\/660\/revisions"}],"predecessor-version":[{"id":2964,"href":"https:\/\/dgvgifts.com\/lt\/wp-json\/wp\/v2\/product\/660\/revisions\/2964"}],"wp:featuredmedia":[{"embeddable":true,"href":"https:\/\/dgvgifts.com\/lt\/wp-json\/wp\/v2\/media\/647"}],"wp:attachment":[{"href":"https:\/\/dgvgifts.com\/lt\/wp-json\/wp\/v2\/media?parent=660"}],"wp:term":[{"taxonomy":"product_brand","embeddable":true,"href":"https:\/\/dgvgifts.com\/lt\/wp-json\/wp\/v2\/product_brand?post=660"},{"taxonomy":"product_cat","embeddable":true,"href":"https:\/\/dgvgifts.com\/lt\/wp-json\/wp\/v2\/product_cat?post=660"},{"taxonomy":"product_tag","embeddable":true,"href":"https:\/\/dgvgifts.com\/lt\/wp-json\/wp\/v2\/product_tag?post=660"}],"curies":[{"name":"wp","href":"https:\/\/api.w.org\/{rel}","templated":true}]}}