{"id":673,"date":"2023-02-24T09:41:49","date_gmt":"2023-02-24T09:41:49","guid":{"rendered":"https:\/\/dgvgifts.com\/index.php\/product\/glass-lunchbox-with-bamboo-lid\/"},"modified":"2024-11-08T10:33:01","modified_gmt":"2024-11-08T10:33:01","slug":"glass-lunchbox-with-bamboo-lid","status":"publish","type":"product","link":"https:\/\/dgvgifts.com\/lt\/produktas\/glass-lunchbox-with-bamboo-lid\/","title":{"rendered":"Stiklin\u0117 piet\u0173 d\u0117\u017eut\u0117 su bambuko dangteliu"},"content":{"rendered":"<p>M\u0117gaukit\u0117s gard\u017eiais, namuose paruo\u0161tais patiekalais, \u0161ioje stiklin\u0117je maisto d\u0117\u017eut\u0117je. Su sandariu bambuko dangteliu gal\u0117site ruo\u0161ti sveikus patiekalus namuose ir pasiimti juos bet kur su savimi, o maistas i\u0161liks \u0161vie\u017eias. Pagaminta i\u0161 auk\u0161tos kokyb\u0117s borosilikatinio stiklo, kuris gali atlaikyti didelius temperat\u016bros skirtumus.<\/p>","protected":false},"excerpt":{"rendered":"<p>Enjoy the safety of storing and heating your delicious home cooked meals in this glass bento box. With an airtight bamboo lid you can prepare your healthy meals at home and take them anywhere with you while keeping your food fresh. Made of high quality borosilicate glass which can withstand high thermal differences. Including handy [&hellip;]<\/p>","protected":false},"featured_media":661,"comment_status":"open","ping_status":"closed","template":"","meta":[],"product_brand":[],"product_cat":[67,37],"product_tag":[],"class_list":{"0":"post-673","1":"product","2":"type-product","3":"status-publish","4":"has-post-thumbnail","6":"product_cat-virtuves-reikmenys","7":"product_cat-namams","9":"first","10":"instock","11":"shipping-taxable","12":"purchasable","13":"product-type-simple"},"_links":{"self":[{"href":"https:\/\/dgvgifts.com\/lt\/wp-json\/wp\/v2\/product\/673","targetHints":{"allow":["GET"]}}],"collection":[{"href":"https:\/\/dgvgifts.com\/lt\/wp-json\/wp\/v2\/product"}],"about":[{"href":"https:\/\/dgvgifts.com\/lt\/wp-json\/wp\/v2\/types\/product"}],"replies":[{"embeddable":true,"href":"https:\/\/dgvgifts.com\/lt\/wp-json\/wp\/v2\/comments?post=673"}],"version-history":[{"count":1,"href":"https:\/\/dgvgifts.com\/lt\/wp-json\/wp\/v2\/product\/673\/revisions"}],"predecessor-version":[{"id":2963,"href":"https:\/\/dgvgifts.com\/lt\/wp-json\/wp\/v2\/product\/673\/revisions\/2963"}],"wp:featuredmedia":[{"embeddable":true,"href":"https:\/\/dgvgifts.com\/lt\/wp-json\/wp\/v2\/media\/661"}],"wp:attachment":[{"href":"https:\/\/dgvgifts.com\/lt\/wp-json\/wp\/v2\/media?parent=673"}],"wp:term":[{"taxonomy":"product_brand","embeddable":true,"href":"https:\/\/dgvgifts.com\/lt\/wp-json\/wp\/v2\/product_brand?post=673"},{"taxonomy":"product_cat","embeddable":true,"href":"https:\/\/dgvgifts.com\/lt\/wp-json\/wp\/v2\/product_cat?post=673"},{"taxonomy":"product_tag","embeddable":true,"href":"https:\/\/dgvgifts.com\/lt\/wp-json\/wp\/v2\/product_tag?post=673"}],"curies":[{"name":"wp","href":"https:\/\/api.w.org\/{rel}","templated":true}]}}