{"id":685,"date":"2023-02-24T09:42:00","date_gmt":"2023-02-24T09:42:00","guid":{"rendered":"https:\/\/dgvgifts.com\/index.php\/product\/stainless-steel-lunchbox-with-bamboo-lid-and-spork\/"},"modified":"2024-11-08T10:32:51","modified_gmt":"2024-11-08T10:32:51","slug":"stainless-steel-lunchbox-with-bamboo-lid-and-spork","status":"publish","type":"product","link":"https:\/\/dgvgifts.com\/lt\/produktas\/stainless-steel-lunchbox-with-bamboo-lid-and-spork\/","title":{"rendered":"Ner\u016bdijan\u010dio plieno piet\u0173 d\u0117\u017eut\u0117 su bambuko dangteliu ir \u0161akute"},"content":{"rendered":"<p>Keliaudami m\u0117gaukit\u0117s sveikais pietumis, naudodami  eleganti\u0161k\u0105 ner\u016bdijan\u010dio plieno piet\u0173 d\u0117\u017eut\u0119 su bambuko dangteliu. \u012e komplekt\u0105 \u012feina patogus elastinis dir\u017eelis ir \u0161akute. Piet\u0173 d\u0117\u017eut\u0117s negalima d\u0117ti \u012f mikrobang\u0173 krosnel\u0119 ir orkait\u0119. Galima plauti tik rankomis. 1,5 l talpa.<\/p>","protected":false},"excerpt":{"rendered":"<p>Keliaudami m\u0117gaukit\u0117s sveikais pietumis, naudodami  eleganti\u0161k\u0105 ner\u016bdijan\u010dio plieno piet\u0173 d\u0117\u017eut\u0119 su bambuko dangteliu. \u012e komplekt\u0105 \u012feina patogus elastinis dir\u017eelis ir \u0161akute. Piet\u0173 d\u0117\u017eut\u0117s negalima d\u0117ti \u012f mikrobang\u0173 krosnel\u0119 ir orkait\u0119. Galima plauti tik rankomis. 1,5 l talpa.<\/p>","protected":false},"featured_media":674,"comment_status":"open","ping_status":"closed","template":"","meta":[],"product_brand":[],"product_cat":[67,37],"product_tag":[],"class_list":{"0":"post-685","1":"product","2":"type-product","3":"status-publish","4":"has-post-thumbnail","6":"product_cat-virtuves-reikmenys","7":"product_cat-namams","9":"first","10":"instock","11":"shipping-taxable","12":"purchasable","13":"product-type-simple"},"_links":{"self":[{"href":"https:\/\/dgvgifts.com\/lt\/wp-json\/wp\/v2\/product\/685","targetHints":{"allow":["GET"]}}],"collection":[{"href":"https:\/\/dgvgifts.com\/lt\/wp-json\/wp\/v2\/product"}],"about":[{"href":"https:\/\/dgvgifts.com\/lt\/wp-json\/wp\/v2\/types\/product"}],"replies":[{"embeddable":true,"href":"https:\/\/dgvgifts.com\/lt\/wp-json\/wp\/v2\/comments?post=685"}],"version-history":[{"count":1,"href":"https:\/\/dgvgifts.com\/lt\/wp-json\/wp\/v2\/product\/685\/revisions"}],"predecessor-version":[{"id":2962,"href":"https:\/\/dgvgifts.com\/lt\/wp-json\/wp\/v2\/product\/685\/revisions\/2962"}],"wp:featuredmedia":[{"embeddable":true,"href":"https:\/\/dgvgifts.com\/lt\/wp-json\/wp\/v2\/media\/674"}],"wp:attachment":[{"href":"https:\/\/dgvgifts.com\/lt\/wp-json\/wp\/v2\/media?parent=685"}],"wp:term":[{"taxonomy":"product_brand","embeddable":true,"href":"https:\/\/dgvgifts.com\/lt\/wp-json\/wp\/v2\/product_brand?post=685"},{"taxonomy":"product_cat","embeddable":true,"href":"https:\/\/dgvgifts.com\/lt\/wp-json\/wp\/v2\/product_cat?post=685"},{"taxonomy":"product_tag","embeddable":true,"href":"https:\/\/dgvgifts.com\/lt\/wp-json\/wp\/v2\/product_tag?post=685"}],"curies":[{"name":"wp","href":"https:\/\/api.w.org\/{rel}","templated":true}]}}