{"id":691,"date":"2023-02-24T09:42:05","date_gmt":"2023-02-24T09:42:05","guid":{"rendered":"https:\/\/dgvgifts.com\/index.php\/product\/4-pcs-stainless-steel-re-usable-cutlery-set\/"},"modified":"2024-11-08T10:32:41","modified_gmt":"2024-11-08T10:32:41","slug":"4-pcs-stainless-steel-re-usable-cutlery-set","status":"publish","type":"product","link":"https:\/\/dgvgifts.com\/lt\/produktas\/4-pcs-stainless-steel-re-usable-cutlery-set\/","title":{"rendered":"Ner\u016bdijan\u010dio plieno, daugkartinio naudojimo, stalo \u012franki\u0173 rinkinys, 4 vnt."},"content":{"rendered":"<p>Daugkartinio naudojimo, ner\u016bdijan\u010dio plieno stalo \u012franki\u0173 rinkinys, tinka i\u0161kyloms, ar pietums darbe.  \u0160\u012f rinkin\u012f sudaro \u0161akut\u0117, peilis, \u0161auk\u0161tas, \u0161iaudelis ir \u0161epet\u0117lis \u0161iaudeliui valyti. Visi \u012frankiai sud\u0117ti \u012f neoprenin\u012f mai\u0161el\u012f su u\u017etrauktuku.<\/p>","protected":false},"excerpt":{"rendered":"<p>Daugkartinio naudojimo, ner\u016bdijan\u010dio plieno stalo \u012franki\u0173 rinkinys, tinka i\u0161kyloms, ar pietums darbe.  \u0160\u012f rinkin\u012f sudaro \u0161akut\u0117, peilis, \u0161auk\u0161tas, \u0161iaudelis ir \u0161epet\u0117lis \u0161iaudeliui valyti. Visi \u012frankiai sud\u0117ti \u012f neoprenin\u012f mai\u0161el\u012f su u\u017etrauktuku.<\/p>","protected":false},"featured_media":686,"comment_status":"open","ping_status":"closed","template":"","meta":[],"product_brand":[],"product_cat":[67,37],"product_tag":[],"class_list":{"0":"post-691","1":"product","2":"type-product","3":"status-publish","4":"has-post-thumbnail","6":"product_cat-virtuves-reikmenys","7":"product_cat-namams","9":"first","10":"instock","11":"shipping-taxable","12":"purchasable","13":"product-type-simple"},"_links":{"self":[{"href":"https:\/\/dgvgifts.com\/lt\/wp-json\/wp\/v2\/product\/691","targetHints":{"allow":["GET"]}}],"collection":[{"href":"https:\/\/dgvgifts.com\/lt\/wp-json\/wp\/v2\/product"}],"about":[{"href":"https:\/\/dgvgifts.com\/lt\/wp-json\/wp\/v2\/types\/product"}],"replies":[{"embeddable":true,"href":"https:\/\/dgvgifts.com\/lt\/wp-json\/wp\/v2\/comments?post=691"}],"version-history":[{"count":1,"href":"https:\/\/dgvgifts.com\/lt\/wp-json\/wp\/v2\/product\/691\/revisions"}],"predecessor-version":[{"id":2961,"href":"https:\/\/dgvgifts.com\/lt\/wp-json\/wp\/v2\/product\/691\/revisions\/2961"}],"wp:featuredmedia":[{"embeddable":true,"href":"https:\/\/dgvgifts.com\/lt\/wp-json\/wp\/v2\/media\/686"}],"wp:attachment":[{"href":"https:\/\/dgvgifts.com\/lt\/wp-json\/wp\/v2\/media?parent=691"}],"wp:term":[{"taxonomy":"product_brand","embeddable":true,"href":"https:\/\/dgvgifts.com\/lt\/wp-json\/wp\/v2\/product_brand?post=691"},{"taxonomy":"product_cat","embeddable":true,"href":"https:\/\/dgvgifts.com\/lt\/wp-json\/wp\/v2\/product_cat?post=691"},{"taxonomy":"product_tag","embeddable":true,"href":"https:\/\/dgvgifts.com\/lt\/wp-json\/wp\/v2\/product_tag?post=691"}],"curies":[{"name":"wp","href":"https:\/\/api.w.org\/{rel}","templated":true}]}}