{"id":698,"date":"2023-02-24T09:42:11","date_gmt":"2023-02-24T09:42:11","guid":{"rendered":"https:\/\/dgvgifts.com\/index.php\/product\/utah-rcs-rplastic-fscbamboo-led-weather-station\/"},"modified":"2024-11-08T10:32:29","modified_gmt":"2024-11-08T10:32:29","slug":"utah-rcs-rplastic-fscbamboo-led-weather-station","status":"publish","type":"product","link":"https:\/\/dgvgifts.com\/lt\/produktas\/utah-rcs-rplastic-fscbamboo-led-weather-station\/","title":{"rendered":"LED bambukin\u0117 meteorologin\u0117 stotel\u0117"},"content":{"rendered":"<p>Didel\u0117 meteorologijos stotel\u0117 pagaminta i\u0161 RCS (Recycled Claim Standard) sertifikuoto perdirbto ABS ir FSC\u00ae 100 % bambuko.  RCS sertifikavimas u\u017etikrina visi\u0161kai sertifikuot\u0105 perdirbt\u0173 med\u017eiag\u0173 tiekimo grandin\u0119. Su auk\u0161tos kokyb\u0117s LED ekranu. Funkcijos: laikrodis, \u017eadintuvas, kalendorius, temperat\u016bros, dr\u0117gm\u0117s ir m\u0117nulio faz\u0117s rodiklis, 12\/24 valand\u0173 parinktis, Farenheito \/ Celsijaus ir dr\u0117gm\u0117s registravimas. Pridedamas 100 cm C tipo \u012fkrovimo laidas, pagamintas i\u0161 RCS sertifikuoto perdirbto TPE. Supakuotas \u012f mi\u0161ri\u0105 kraft d\u0117\u017eut\u0119.<\/p>","protected":false},"excerpt":{"rendered":"<p>Large weather station made with RCS (Recycled Claim Standard) certified recycled ABS and FSC\u00ae 100% bamboo. Total recycled content: 65 % based on total item weight. RCS certification ensures a completely certified supply chain of the recycled materials. With high quality LED screen. Functions: clock, alarm, calendar, temperature, humidity and moon phase function, 12\/24 hour [&hellip;]<\/p>","protected":false},"featured_media":692,"comment_status":"open","ping_status":"closed","template":"","meta":[],"product_brand":[],"product_cat":[66,37],"product_tag":[],"class_list":{"0":"post-698","1":"product","2":"type-product","3":"status-publish","4":"has-post-thumbnail","6":"product_cat-irankiai-ir-zibintuveliai","7":"product_cat-namams","9":"first","10":"instock","11":"shipping-taxable","12":"purchasable","13":"product-type-simple"},"_links":{"self":[{"href":"https:\/\/dgvgifts.com\/lt\/wp-json\/wp\/v2\/product\/698","targetHints":{"allow":["GET"]}}],"collection":[{"href":"https:\/\/dgvgifts.com\/lt\/wp-json\/wp\/v2\/product"}],"about":[{"href":"https:\/\/dgvgifts.com\/lt\/wp-json\/wp\/v2\/types\/product"}],"replies":[{"embeddable":true,"href":"https:\/\/dgvgifts.com\/lt\/wp-json\/wp\/v2\/comments?post=698"}],"version-history":[{"count":1,"href":"https:\/\/dgvgifts.com\/lt\/wp-json\/wp\/v2\/product\/698\/revisions"}],"predecessor-version":[{"id":2960,"href":"https:\/\/dgvgifts.com\/lt\/wp-json\/wp\/v2\/product\/698\/revisions\/2960"}],"wp:featuredmedia":[{"embeddable":true,"href":"https:\/\/dgvgifts.com\/lt\/wp-json\/wp\/v2\/media\/692"}],"wp:attachment":[{"href":"https:\/\/dgvgifts.com\/lt\/wp-json\/wp\/v2\/media?parent=698"}],"wp:term":[{"taxonomy":"product_brand","embeddable":true,"href":"https:\/\/dgvgifts.com\/lt\/wp-json\/wp\/v2\/product_brand?post=698"},{"taxonomy":"product_cat","embeddable":true,"href":"https:\/\/dgvgifts.com\/lt\/wp-json\/wp\/v2\/product_cat?post=698"},{"taxonomy":"product_tag","embeddable":true,"href":"https:\/\/dgvgifts.com\/lt\/wp-json\/wp\/v2\/product_tag?post=698"}],"curies":[{"name":"wp","href":"https:\/\/api.w.org\/{rel}","templated":true}]}}