{"id":711,"date":"2023-02-24T09:42:21","date_gmt":"2023-02-24T09:42:21","guid":{"rendered":"https:\/\/dgvgifts.com\/index.php\/product\/swiss-peak-grs-recycled-pu-desk-mat\/"},"modified":"2024-11-08T10:32:08","modified_gmt":"2024-11-08T10:32:08","slug":"swiss-peak-grs-recycled-pu-desk-mat","status":"publish","type":"product","link":"https:\/\/dgvgifts.com\/lt\/produktas\/swiss-peak-grs-recycled-pu-desk-mat\/","title":{"rendered":"\"Swiss Peak GRS\" perdirbtas stalo kilim\u0117lis"},"content":{"rendered":"<p>Didelio dyd\u017eio, prabangus kilim\u0117lis pagamintas i\u0161  sertifikuot\u0173 perdirbt\u0173 med\u017eiag\u0173. Didelis ir lygus pavir\u0161ius puikiai tinka asmeninei darbo erdvei susikurti, kad ir kur b\u016btum\u0117te. Pakankamai didelis, kad ant jo tilpt\u0173 ne\u0161iojamasis kompiuteris ir gal\u0117tum\u0117te valdyti pel\u0119. Dydis: 60x 40x 0,2 cm. Ypa\u010d storas, kad darbas b\u016bt\u0173 patogus. Pagamintas nenaudojant plastiko.<\/p>","protected":false},"excerpt":{"rendered":"<p>Large sized luxury desk mat made with GRS (global recycle standard) certified recycled materials. GRS certification ensures a completely certified supply chain of the recycled materials. The large and smooth surface is perfect to create a personal workspace wherever you are. Big enough to fit a laptop computer and operate your mouse. Size: 60x 40x [&hellip;]<\/p>","protected":false},"featured_media":699,"comment_status":"open","ping_status":"closed","template":"","meta":[],"product_brand":[],"product_cat":[42,30],"product_tag":[],"class_list":{"0":"post-711","1":"product","2":"type-product","3":"status-publish","4":"has-post-thumbnail","6":"product_cat-phone-accessories","7":"product_cat-technologies","9":"first","10":"instock","11":"shipping-taxable","12":"purchasable","13":"product-type-simple"},"_links":{"self":[{"href":"https:\/\/dgvgifts.com\/lt\/wp-json\/wp\/v2\/product\/711","targetHints":{"allow":["GET"]}}],"collection":[{"href":"https:\/\/dgvgifts.com\/lt\/wp-json\/wp\/v2\/product"}],"about":[{"href":"https:\/\/dgvgifts.com\/lt\/wp-json\/wp\/v2\/types\/product"}],"replies":[{"embeddable":true,"href":"https:\/\/dgvgifts.com\/lt\/wp-json\/wp\/v2\/comments?post=711"}],"version-history":[{"count":1,"href":"https:\/\/dgvgifts.com\/lt\/wp-json\/wp\/v2\/product\/711\/revisions"}],"predecessor-version":[{"id":2959,"href":"https:\/\/dgvgifts.com\/lt\/wp-json\/wp\/v2\/product\/711\/revisions\/2959"}],"wp:featuredmedia":[{"embeddable":true,"href":"https:\/\/dgvgifts.com\/lt\/wp-json\/wp\/v2\/media\/699"}],"wp:attachment":[{"href":"https:\/\/dgvgifts.com\/lt\/wp-json\/wp\/v2\/media?parent=711"}],"wp:term":[{"taxonomy":"product_brand","embeddable":true,"href":"https:\/\/dgvgifts.com\/lt\/wp-json\/wp\/v2\/product_brand?post=711"},{"taxonomy":"product_cat","embeddable":true,"href":"https:\/\/dgvgifts.com\/lt\/wp-json\/wp\/v2\/product_cat?post=711"},{"taxonomy":"product_tag","embeddable":true,"href":"https:\/\/dgvgifts.com\/lt\/wp-json\/wp\/v2\/product_tag?post=711"}],"curies":[{"name":"wp","href":"https:\/\/api.w.org\/{rel}","templated":true}]}}