{"id":725,"date":"2023-02-24T09:42:35","date_gmt":"2023-02-24T09:42:35","guid":{"rendered":"https:\/\/dgvgifts.com\/index.php\/product\/swiss-peak-rcs-recycled-pu-desk-organiser\/"},"modified":"2024-11-08T10:31:57","modified_gmt":"2024-11-08T10:31:57","slug":"swiss-peak-rcs-recycled-pu-desk-organiser","status":"publish","type":"product","link":"https:\/\/dgvgifts.com\/lt\/produktas\/swiss-peak-rcs-recycled-pu-desk-organiser\/","title":{"rendered":"Swiss Peak perdirbtas stalo organizatorius"},"content":{"rendered":"<p>Prabangus ra\u0161omojo stalo organizatorius, puikiai tinkantis laikyti b\u016btiniausius darbo reikmenis. Pagamintas i\u0161 sertifikuot\u0173 perdirbt\u0173 med\u017eiag\u0173. Prabangus organizatorius leis i\u0161laikyti tvark\u0105 ant bet kokio stalo.  I\u0161orinis korpusas pagamintas i\u0161 RCS sertifikuoto perdirbto PU. Vidin\u0117 med\u017eiaga: MDF mediena. Organizatorius pagamintas nenaudojant plastiko.<\/p>","protected":false},"excerpt":{"rendered":"<p>Luxury desk organiser perfect to store your work essentials. Made with RCS (Recycled Claim Standard) certified recycled materials. RCS certification ensures a completely certified supply chain of the recycled materials. The smooth, luxury organiser upgrades any desk to a great work environment. Outer casing made with RCS certified recycled PU. Inner material: MDF wood. Total [&hellip;]<\/p>","protected":false},"featured_media":712,"comment_status":"open","ping_status":"closed","template":"","meta":[],"product_brand":[],"product_cat":[42,30],"product_tag":[],"class_list":{"0":"post-725","1":"product","2":"type-product","3":"status-publish","4":"has-post-thumbnail","6":"product_cat-phone-accessories","7":"product_cat-technologies","9":"first","10":"instock","11":"shipping-taxable","12":"purchasable","13":"product-type-simple"},"_links":{"self":[{"href":"https:\/\/dgvgifts.com\/lt\/wp-json\/wp\/v2\/product\/725","targetHints":{"allow":["GET"]}}],"collection":[{"href":"https:\/\/dgvgifts.com\/lt\/wp-json\/wp\/v2\/product"}],"about":[{"href":"https:\/\/dgvgifts.com\/lt\/wp-json\/wp\/v2\/types\/product"}],"replies":[{"embeddable":true,"href":"https:\/\/dgvgifts.com\/lt\/wp-json\/wp\/v2\/comments?post=725"}],"version-history":[{"count":1,"href":"https:\/\/dgvgifts.com\/lt\/wp-json\/wp\/v2\/product\/725\/revisions"}],"predecessor-version":[{"id":2958,"href":"https:\/\/dgvgifts.com\/lt\/wp-json\/wp\/v2\/product\/725\/revisions\/2958"}],"wp:featuredmedia":[{"embeddable":true,"href":"https:\/\/dgvgifts.com\/lt\/wp-json\/wp\/v2\/media\/712"}],"wp:attachment":[{"href":"https:\/\/dgvgifts.com\/lt\/wp-json\/wp\/v2\/media?parent=725"}],"wp:term":[{"taxonomy":"product_brand","embeddable":true,"href":"https:\/\/dgvgifts.com\/lt\/wp-json\/wp\/v2\/product_brand?post=725"},{"taxonomy":"product_cat","embeddable":true,"href":"https:\/\/dgvgifts.com\/lt\/wp-json\/wp\/v2\/product_cat?post=725"},{"taxonomy":"product_tag","embeddable":true,"href":"https:\/\/dgvgifts.com\/lt\/wp-json\/wp\/v2\/product_tag?post=725"}],"curies":[{"name":"wp","href":"https:\/\/api.w.org\/{rel}","templated":true}]}}